{"id":1229,"date":"2020-10-30T20:02:42","date_gmt":"2020-10-30T20:02:42","guid":{"rendered":"https:\/\/dessa-art.com\/works\/portraits\/"},"modified":"2020-12-03T12:10:27","modified_gmt":"2020-12-03T12:10:27","slug":"portraets","status":"publish","type":"page","link":"https:\/\/dessa-art.com\/de\/werke\/portraets\/","title":{"rendered":"Portr\u00e4ts"},"content":{"rendered":"[av_submenu which_menu='custom' menu='5' position='center' sticky='aviaTBsticky' color='main_color' mobile='disabled' mobile_switch='av-switch-768' alb_description='' id='' custom_class='' av_uid='av-kcfw6dvb']\r\n[av_submenu_item title='Abstracts' button_style='' link='page,1202' linktarget='' av_uid='av-enjd8d']\r\n[av_submenu_item title='Collagen' button_style='' link='page,1213' linktarget='' av_uid='av-cvbc7h']\r\n[av_submenu_item title='Land Escapes' button_style='' link='page,1224' linktarget='' av_uid='av-andw8t']\r\n[av_submenu_item title='Portr\u00e4ts' button_style='' link='page,1229' linktarget='' av_uid='av-8qv48d']\r\n[av_submenu_item title='Transoundart' button_style='' link='page,1239' linktarget='' av_uid='av-6sur7h']\r\n[av_submenu_item title='Installationen\/Dekor' button_style='' link='page,1219' linktarget='' av_uid='av-5ia89p']\r\n[av_submenu_item title='Alice Salomon' button_style='' link='page,1207' linktarget='' av_uid='av-ftq7x']\r\n[av_submenu_item title='Stolzesteine' button_style='' link='page,1234' linktarget='' av_uid='av-21cmot']\r\n[\/av_submenu]\r\n\r\n\n\n<style type=\"text\/css\" data-created_by=\"avia_inline_auto\" id=\"style-css-av-b9f04-37e3dbb275a7c3ca2f9db1d25cd5182f\">\n.flex_column.av-b9f04-37e3dbb275a7c3ca2f9db1d25cd5182f{\nborder-radius:0px 0px 0px 0px;\npadding:0px 0px 0px 0px;\n}\n<\/style>\n<div  class='flex_column av-b9f04-37e3dbb275a7c3ca2f9db1d25cd5182f av_one_half  avia-builder-el-1  el_after_av_postcontent  el_before_av_one_half  avia-builder-el-first  first flex_column_div av-zero-column-padding  '     ><style type=\"text\/css\" data-created_by=\"avia_inline_auto\" id=\"style-css-av-kcfy3t9t-d0ad84940302b82da97a7e666fb6ba07\">\n.avia-image-container.av-kcfy3t9t-d0ad84940302b82da97a7e666fb6ba07 img.avia_image{\nbox-shadow:none;\n}\n.avia-image-container.av-kcfy3t9t-d0ad84940302b82da97a7e666fb6ba07 .av-image-caption-overlay-center{\ncolor:#ffffff;\n}\n<\/style>\n<div  class='avia-image-container av-kcfy3t9t-d0ad84940302b82da97a7e666fb6ba07 av-styling- avia-align-center  avia-builder-el-2  avia-builder-el-no-sibling '   itemprop=\"image\" itemscope=\"itemscope\" itemtype=\"https:\/\/schema.org\/ImageObject\" ><div class=\"avia-image-container-inner\"><div class=\"avia-image-overlay-wrap\"><img decoding=\"async\" fetchpriority=\"high\" class='wp-image-1121 avia-img-lazy-loading-not-1121 avia_image ' src=\"https:\/\/dessa-art.com\/wp-content\/uploads\/2020\/11\/portraits_0003_Calque-4-495x400.jpg\" alt='' title=''  height=\"400\" width=\"495\"  itemprop=\"thumbnailUrl\"  \/><\/div><\/div><\/div><\/div>\n\n<style type=\"text\/css\" data-created_by=\"avia_inline_auto\" id=\"style-css-av-b9f04-d60fabb1e546da2f5ef0bc2669033819\">\n.flex_column.av-b9f04-d60fabb1e546da2f5ef0bc2669033819{\nborder-radius:0px 0px 0px 0px;\npadding:0px 0px 0px 0px;\n}\n<\/style>\n<div  class='flex_column av-b9f04-d60fabb1e546da2f5ef0bc2669033819 av_one_half  avia-builder-el-3  el_after_av_one_half  el_before_av_section  avia-builder-el-last  flex_column_div av-zero-column-padding  '     ><p>\n<style type=\"text\/css\" data-created_by=\"avia_inline_auto\" id=\"style-css-av-av_heading-0efe52ece29ac43f02ffda1929b54de0\">\n#top .av-special-heading.av-av_heading-0efe52ece29ac43f02ffda1929b54de0{\nmargin:0 0 0 0;\npadding-bottom:20px;\n}\nbody .av-special-heading.av-av_heading-0efe52ece29ac43f02ffda1929b54de0 .av-special-heading-tag .heading-char{\nfont-size:25px;\n}\n.av-special-heading.av-av_heading-0efe52ece29ac43f02ffda1929b54de0 .av-subheading{\nfont-size:15px;\n}\n<\/style>\n<div  class='av-special-heading av-av_heading-0efe52ece29ac43f02ffda1929b54de0 av-special-heading-h2 blockquote modern-quote  avia-builder-el-4  el_before_av_textblock  avia-builder-el-first '><h2 class='av-special-heading-tag '  itemprop=\"headline\"  >Portr\u00e4ts<\/h2><div class=\"special-heading-border\"><div class=\"special-heading-inner-border\"><\/div><\/div><\/div><br \/>\n<section  class='av_textblock_section av-kcfvzkiu-709c050fd913ad58ebaf07454571f36b '   itemscope=\"itemscope\" itemtype=\"https:\/\/schema.org\/CreativeWork\" ><div class='avia_textblock'  itemprop=\"text\" ><p class=\"p1\">Gelegentlich mache ich gerne fig\u00fcrliche Arbeiten, und habe ich schon immer gerne Portr\u00e4ts gemalt oder gezeichnet. Es ist eine Herausforderung, den Gesichtsausdruck einzufangen. Manchmal nehme ich Portr\u00e4ts in meinen Projekten auf, zum Beispiel die von Alice Salomon, Wilfrid Israel und den Komponisten Britten, Korngold und Ullmann.<\/p>\n<p class=\"p1\">Andere sind Portr\u00e4ts von Familienmitgliedern oder Personen aus Fotos, die ich sehe und die mich ber\u00fchren.<\/p>\n<\/div><\/section><\/p><\/div><\/div><\/div><\/div><!-- close content main div --><\/div><\/div><div id='av_section_1'  class='avia-section av-7smpw-fb1ee3c77c2bd9c18f46bc323528eb66 main_color avia-section-default avia-no-border-styling  avia-builder-el-6  el_after_av_one_half  avia-builder-el-last  avia-bg-style-scroll container_wrap fullsize'  ><div class='container av-section-cont-open' ><div class='template-page content  av-content-full alpha units'><div class='post-entry post-entry-type-page post-entry-1229'><div class='entry-content-wrapper clearfix'>\n\n<style type=\"text\/css\" data-created_by=\"avia_inline_auto\" id=\"style-css-av-kcfyaqxx-835def9771f7061027bbd17097117e7a\">\n#top .av-masonry.av-kcfyaqxx-835def9771f7061027bbd17097117e7a{\nbackground-color:#f8f8f8;\n}\n<\/style>\n<div id='av-masonry-1' class='av-masonry av-kcfyaqxx-835def9771f7061027bbd17097117e7a noHover av-flex-size av-large-gap av-hover-overlay- av-masonry-animation-active av-masonry-col-4 av-caption-on-hover av-caption-style- av-masonry-gallery ' data-post_id=\"1229\"><div class=\"av-masonry-container isotope av-js-disabled\"><div class='av-masonry-entry isotope-item av-masonry-item-no-image '><\/div><a href=\"https:\/\/dessa-art.com\/wp-content\/uploads\/2020\/11\/portraits_0000_Calque-7.jpg\" data-srcset=\"https:\/\/dessa-art.com\/wp-content\/uploads\/2020\/11\/portraits_0000_Calque-7.jpg 815w, https:\/\/dessa-art.com\/wp-content\/uploads\/2020\/11\/portraits_0000_Calque-7-237x300.jpg 237w, https:\/\/dessa-art.com\/wp-content\/uploads\/2020\/11\/portraits_0000_Calque-7-768x971.jpg 768w, https:\/\/dessa-art.com\/wp-content\/uploads\/2020\/11\/portraits_0000_Calque-7-558x705.jpg 558w\" data-sizes=\"(max-width: 815px) 100vw, 815px\"  aria-label=\"Bild Bild ohne Titel\"  id='av-masonry-1-item-1127' data-av-masonry-item='1127' class='av-masonry-entry isotope-item post-1127 attachment type-attachment status-inherit hentry  av-masonry-item-with-image' title=\"\" alt=\"\"    itemprop=\"thumbnailUrl\" ><div class='av-inner-masonry-sizer'><\/div><figure class='av-inner-masonry main_color'><div class=\"av-masonry-outerimage-container\"><div class='av-masonry-image-container'  ><img decoding=\"async\" width=\"558\" height=\"705\" fetchpriority=\"high\" class=\"wp-image-1127 avia-img-lazy-loading-not-1127\"  src=\"https:\/\/dessa-art.com\/wp-content\/uploads\/2020\/11\/portraits_0000_Calque-7-558x705.jpg\" title=\"\" alt=\"\" srcset=\"https:\/\/dessa-art.com\/wp-content\/uploads\/2020\/11\/portraits_0000_Calque-7-558x705.jpg 558w, https:\/\/dessa-art.com\/wp-content\/uploads\/2020\/11\/portraits_0000_Calque-7-237x300.jpg 237w, https:\/\/dessa-art.com\/wp-content\/uploads\/2020\/11\/portraits_0000_Calque-7-768x971.jpg 768w, https:\/\/dessa-art.com\/wp-content\/uploads\/2020\/11\/portraits_0000_Calque-7.jpg 815w\" sizes=\"(max-width: 558px) 100vw, 558px\" \/><\/div><\/div><\/figure><\/a><!--end av-masonry entry--><a href=\"https:\/\/dessa-art.com\/wp-content\/uploads\/2020\/11\/portraits_0001_Calque-6.jpg\" data-srcset=\"https:\/\/dessa-art.com\/wp-content\/uploads\/2020\/11\/portraits_0001_Calque-6.jpg 815w, https:\/\/dessa-art.com\/wp-content\/uploads\/2020\/11\/portraits_0001_Calque-6-237x300.jpg 237w, https:\/\/dessa-art.com\/wp-content\/uploads\/2020\/11\/portraits_0001_Calque-6-768x971.jpg 768w, https:\/\/dessa-art.com\/wp-content\/uploads\/2020\/11\/portraits_0001_Calque-6-558x705.jpg 558w\" data-sizes=\"(max-width: 815px) 100vw, 815px\"  aria-label=\"Bild Bild ohne Titel\"  id='av-masonry-1-item-1125' data-av-masonry-item='1125' class='av-masonry-entry isotope-item post-1125 attachment type-attachment status-inherit hentry  av-masonry-item-with-image' title=\"\" alt=\"\"    itemprop=\"thumbnailUrl\" ><div class='av-inner-masonry-sizer'><\/div><figure class='av-inner-masonry main_color'><div class=\"av-masonry-outerimage-container\"><div class='av-masonry-image-container'  ><img decoding=\"async\" width=\"558\" height=\"705\" fetchpriority=\"high\" class=\"wp-image-1125 avia-img-lazy-loading-not-1125\"  src=\"https:\/\/dessa-art.com\/wp-content\/uploads\/2020\/11\/portraits_0001_Calque-6-558x705.jpg\" title=\"\" alt=\"\" srcset=\"https:\/\/dessa-art.com\/wp-content\/uploads\/2020\/11\/portraits_0001_Calque-6-558x705.jpg 558w, https:\/\/dessa-art.com\/wp-content\/uploads\/2020\/11\/portraits_0001_Calque-6-237x300.jpg 237w, https:\/\/dessa-art.com\/wp-content\/uploads\/2020\/11\/portraits_0001_Calque-6-768x971.jpg 768w, https:\/\/dessa-art.com\/wp-content\/uploads\/2020\/11\/portraits_0001_Calque-6.jpg 815w\" sizes=\"(max-width: 558px) 100vw, 558px\" \/><\/div><\/div><\/figure><\/a><!--end av-masonry entry--><a href=\"https:\/\/dessa-art.com\/wp-content\/uploads\/2020\/11\/portraits_0002_Calque-5.jpg\" data-srcset=\"https:\/\/dessa-art.com\/wp-content\/uploads\/2020\/11\/portraits_0002_Calque-5.jpg 815w, https:\/\/dessa-art.com\/wp-content\/uploads\/2020\/11\/portraits_0002_Calque-5-237x300.jpg 237w, https:\/\/dessa-art.com\/wp-content\/uploads\/2020\/11\/portraits_0002_Calque-5-768x971.jpg 768w, https:\/\/dessa-art.com\/wp-content\/uploads\/2020\/11\/portraits_0002_Calque-5-558x705.jpg 558w\" data-sizes=\"(max-width: 815px) 100vw, 815px\"  aria-label=\"Bild Bild ohne Titel\"  id='av-masonry-1-item-1123' data-av-masonry-item='1123' class='av-masonry-entry isotope-item post-1123 attachment type-attachment status-inherit hentry  av-masonry-item-with-image' title=\"\" alt=\"\"    itemprop=\"thumbnailUrl\" ><div class='av-inner-masonry-sizer'><\/div><figure class='av-inner-masonry main_color'><div class=\"av-masonry-outerimage-container\"><div class='av-masonry-image-container'  ><img decoding=\"async\" width=\"558\" height=\"705\" fetchpriority=\"high\" class=\"wp-image-1123 avia-img-lazy-loading-not-1123\"  src=\"https:\/\/dessa-art.com\/wp-content\/uploads\/2020\/11\/portraits_0002_Calque-5-558x705.jpg\" title=\"\" alt=\"\" srcset=\"https:\/\/dessa-art.com\/wp-content\/uploads\/2020\/11\/portraits_0002_Calque-5-558x705.jpg 558w, https:\/\/dessa-art.com\/wp-content\/uploads\/2020\/11\/portraits_0002_Calque-5-237x300.jpg 237w, https:\/\/dessa-art.com\/wp-content\/uploads\/2020\/11\/portraits_0002_Calque-5-768x971.jpg 768w, https:\/\/dessa-art.com\/wp-content\/uploads\/2020\/11\/portraits_0002_Calque-5.jpg 815w\" sizes=\"(max-width: 558px) 100vw, 558px\" \/><\/div><\/div><\/figure><\/a><!--end av-masonry entry--><a href=\"https:\/\/dessa-art.com\/wp-content\/uploads\/2020\/11\/portraits_0003_Calque-4.jpg\" data-srcset=\"https:\/\/dessa-art.com\/wp-content\/uploads\/2020\/11\/portraits_0003_Calque-4.jpg 815w, https:\/\/dessa-art.com\/wp-content\/uploads\/2020\/11\/portraits_0003_Calque-4-237x300.jpg 237w, https:\/\/dessa-art.com\/wp-content\/uploads\/2020\/11\/portraits_0003_Calque-4-768x971.jpg 768w, https:\/\/dessa-art.com\/wp-content\/uploads\/2020\/11\/portraits_0003_Calque-4-558x705.jpg 558w\" data-sizes=\"(max-width: 815px) 100vw, 815px\"  aria-label=\"Bild Bild ohne Titel\"  id='av-masonry-1-item-1121' data-av-masonry-item='1121' class='av-masonry-entry isotope-item post-1121 attachment type-attachment status-inherit hentry  av-masonry-item-with-image' title=\"\" alt=\"\"    itemprop=\"thumbnailUrl\" ><div class='av-inner-masonry-sizer'><\/div><figure class='av-inner-masonry main_color'><div class=\"av-masonry-outerimage-container\"><div class='av-masonry-image-container'  ><img decoding=\"async\" width=\"558\" height=\"705\" fetchpriority=\"high\" class=\"wp-image-1121 avia-img-lazy-loading-not-1121\"  src=\"https:\/\/dessa-art.com\/wp-content\/uploads\/2020\/11\/portraits_0003_Calque-4-558x705.jpg\" title=\"\" alt=\"\" srcset=\"https:\/\/dessa-art.com\/wp-content\/uploads\/2020\/11\/portraits_0003_Calque-4-558x705.jpg 558w, https:\/\/dessa-art.com\/wp-content\/uploads\/2020\/11\/portraits_0003_Calque-4-237x300.jpg 237w, https:\/\/dessa-art.com\/wp-content\/uploads\/2020\/11\/portraits_0003_Calque-4-768x971.jpg 768w, https:\/\/dessa-art.com\/wp-content\/uploads\/2020\/11\/portraits_0003_Calque-4.jpg 815w\" sizes=\"(max-width: 558px) 100vw, 558px\" \/><\/div><\/div><\/figure><\/a><!--end av-masonry entry--><a href=\"https:\/\/dessa-art.com\/wp-content\/uploads\/2020\/11\/portraits_0004_Calque-3.jpg\" data-srcset=\"https:\/\/dessa-art.com\/wp-content\/uploads\/2020\/11\/portraits_0004_Calque-3.jpg 815w, https:\/\/dessa-art.com\/wp-content\/uploads\/2020\/11\/portraits_0004_Calque-3-237x300.jpg 237w, https:\/\/dessa-art.com\/wp-content\/uploads\/2020\/11\/portraits_0004_Calque-3-768x971.jpg 768w, https:\/\/dessa-art.com\/wp-content\/uploads\/2020\/11\/portraits_0004_Calque-3-558x705.jpg 558w\" data-sizes=\"(max-width: 815px) 100vw, 815px\"  aria-label=\"Bild 3\"  id='av-masonry-1-item-1119' data-av-masonry-item='1119' class='av-masonry-entry isotope-item post-1119 attachment type-attachment status-inherit hentry  av-masonry-item-with-image' title=\"3\" alt=\"\"    itemprop=\"thumbnailUrl\" ><div class='av-inner-masonry-sizer'><\/div><figure class='av-inner-masonry main_color'><div class=\"av-masonry-outerimage-container\"><div class='av-masonry-image-container'  ><img decoding=\"async\" width=\"558\" height=\"705\" fetchpriority=\"high\" class=\"wp-image-1119 avia-img-lazy-loading-not-1119\"  src=\"https:\/\/dessa-art.com\/wp-content\/uploads\/2020\/11\/portraits_0004_Calque-3-558x705.jpg\" title=\"3\" alt=\"\" srcset=\"https:\/\/dessa-art.com\/wp-content\/uploads\/2020\/11\/portraits_0004_Calque-3-558x705.jpg 558w, https:\/\/dessa-art.com\/wp-content\/uploads\/2020\/11\/portraits_0004_Calque-3-237x300.jpg 237w, https:\/\/dessa-art.com\/wp-content\/uploads\/2020\/11\/portraits_0004_Calque-3-768x971.jpg 768w, https:\/\/dessa-art.com\/wp-content\/uploads\/2020\/11\/portraits_0004_Calque-3.jpg 815w\" sizes=\"(max-width: 558px) 100vw, 558px\" \/><\/div><\/div><\/figure><\/a><!--end av-masonry entry--><a href=\"https:\/\/dessa-art.com\/wp-content\/uploads\/2020\/11\/portraits_0005_Calque-2.jpg\" data-srcset=\"https:\/\/dessa-art.com\/wp-content\/uploads\/2020\/11\/portraits_0005_Calque-2.jpg 815w, https:\/\/dessa-art.com\/wp-content\/uploads\/2020\/11\/portraits_0005_Calque-2-237x300.jpg 237w, https:\/\/dessa-art.com\/wp-content\/uploads\/2020\/11\/portraits_0005_Calque-2-768x971.jpg 768w, https:\/\/dessa-art.com\/wp-content\/uploads\/2020\/11\/portraits_0005_Calque-2-558x705.jpg 558w\" data-sizes=\"(max-width: 815px) 100vw, 815px\"  aria-label=\"Bild Bild ohne Titel\"  id='av-masonry-1-item-1117' data-av-masonry-item='1117' class='av-masonry-entry isotope-item post-1117 attachment type-attachment status-inherit hentry  av-masonry-item-with-image' title=\"\" alt=\"\"    itemprop=\"thumbnailUrl\" ><div class='av-inner-masonry-sizer'><\/div><figure class='av-inner-masonry main_color'><div class=\"av-masonry-outerimage-container\"><div class='av-masonry-image-container'  ><img decoding=\"async\" width=\"558\" height=\"705\" fetchpriority=\"high\" class=\"wp-image-1117 avia-img-lazy-loading-not-1117\"  src=\"https:\/\/dessa-art.com\/wp-content\/uploads\/2020\/11\/portraits_0005_Calque-2-558x705.jpg\" title=\"\" alt=\"\" srcset=\"https:\/\/dessa-art.com\/wp-content\/uploads\/2020\/11\/portraits_0005_Calque-2-558x705.jpg 558w, https:\/\/dessa-art.com\/wp-content\/uploads\/2020\/11\/portraits_0005_Calque-2-237x300.jpg 237w, https:\/\/dessa-art.com\/wp-content\/uploads\/2020\/11\/portraits_0005_Calque-2-768x971.jpg 768w, https:\/\/dessa-art.com\/wp-content\/uploads\/2020\/11\/portraits_0005_Calque-2.jpg 815w\" sizes=\"(max-width: 558px) 100vw, 558px\" \/><\/div><\/div><\/figure><\/a><!--end av-masonry entry--><a href=\"https:\/\/dessa-art.com\/wp-content\/uploads\/2020\/09\/salomon09-815x1030.jpg\" data-srcset=\"https:\/\/dessa-art.com\/wp-content\/uploads\/2020\/09\/salomon09-815x1030.jpg 815w, https:\/\/dessa-art.com\/wp-content\/uploads\/2020\/09\/salomon09-237x300.jpg 237w, https:\/\/dessa-art.com\/wp-content\/uploads\/2020\/09\/salomon09-768x971.jpg 768w, https:\/\/dessa-art.com\/wp-content\/uploads\/2020\/09\/salomon09-558x705.jpg 558w, https:\/\/dessa-art.com\/wp-content\/uploads\/2020\/09\/salomon09.jpg 949w\" data-sizes=\"(max-width: 815px) 100vw, 815px\"  aria-label=\"Bild Bild ohne Titel\"  id='av-masonry-1-item-1023' data-av-masonry-item='1023' class='av-masonry-entry isotope-item post-1023 attachment type-attachment status-inherit hentry  av-masonry-item-with-image' title=\"\" alt=\"\"    itemprop=\"thumbnailUrl\" ><div class='av-inner-masonry-sizer'><\/div><figure class='av-inner-masonry main_color'><div class=\"av-masonry-outerimage-container\"><div class='av-masonry-image-container'  ><img decoding=\"async\" width=\"558\" height=\"705\" fetchpriority=\"high\" class=\"wp-image-1023 avia-img-lazy-loading-not-1023\"  src=\"https:\/\/dessa-art.com\/wp-content\/uploads\/2020\/09\/salomon09-558x705.jpg\" title=\"\" alt=\"\" srcset=\"https:\/\/dessa-art.com\/wp-content\/uploads\/2020\/09\/salomon09-558x705.jpg 558w, https:\/\/dessa-art.com\/wp-content\/uploads\/2020\/09\/salomon09-237x300.jpg 237w, https:\/\/dessa-art.com\/wp-content\/uploads\/2020\/09\/salomon09-815x1030.jpg 815w, https:\/\/dessa-art.com\/wp-content\/uploads\/2020\/09\/salomon09-768x971.jpg 768w, https:\/\/dessa-art.com\/wp-content\/uploads\/2020\/09\/salomon09.jpg 949w\" sizes=\"(max-width: 558px) 100vw, 558px\" \/><\/div><\/div><\/figure><\/a><!--end av-masonry entry--><a href=\"https:\/\/dessa-art.com\/wp-content\/uploads\/2020\/09\/salomon06-1026x1030.jpg\" data-srcset=\"https:\/\/dessa-art.com\/wp-content\/uploads\/2020\/09\/salomon06-1026x1030.jpg 1026w, https:\/\/dessa-art.com\/wp-content\/uploads\/2020\/09\/salomon06-300x300.jpg 300w, https:\/\/dessa-art.com\/wp-content\/uploads\/2020\/09\/salomon06-80x80.jpg 80w, https:\/\/dessa-art.com\/wp-content\/uploads\/2020\/09\/salomon06-768x771.jpg 768w, https:\/\/dessa-art.com\/wp-content\/uploads\/2020\/09\/salomon06-36x36.jpg 36w, https:\/\/dessa-art.com\/wp-content\/uploads\/2020\/09\/salomon06-180x180.jpg 180w, https:\/\/dessa-art.com\/wp-content\/uploads\/2020\/09\/salomon06-702x705.jpg 702w, https:\/\/dessa-art.com\/wp-content\/uploads\/2020\/09\/salomon06.jpg 1200w\" data-sizes=\"(max-width: 1026px) 100vw, 1026px\"  aria-label=\"Bild Bild ohne Titel\"  id='av-masonry-1-item-1017' data-av-masonry-item='1017' class='av-masonry-entry isotope-item post-1017 attachment type-attachment status-inherit hentry  av-masonry-item-with-image' title=\"\" alt=\"\"    itemprop=\"thumbnailUrl\" ><div class='av-inner-masonry-sizer'><\/div><figure class='av-inner-masonry main_color'><div class=\"av-masonry-outerimage-container\"><div class='av-masonry-image-container'  ><img decoding=\"async\" width=\"702\" height=\"705\" fetchpriority=\"high\" class=\"wp-image-1017 avia-img-lazy-loading-not-1017\"  src=\"https:\/\/dessa-art.com\/wp-content\/uploads\/2020\/09\/salomon06-702x705.jpg\" title=\"\" alt=\"\" srcset=\"https:\/\/dessa-art.com\/wp-content\/uploads\/2020\/09\/salomon06-702x705.jpg 702w, https:\/\/dessa-art.com\/wp-content\/uploads\/2020\/09\/salomon06-300x300.jpg 300w, https:\/\/dessa-art.com\/wp-content\/uploads\/2020\/09\/salomon06-1026x1030.jpg 1026w, https:\/\/dessa-art.com\/wp-content\/uploads\/2020\/09\/salomon06-80x80.jpg 80w, https:\/\/dessa-art.com\/wp-content\/uploads\/2020\/09\/salomon06-768x771.jpg 768w, https:\/\/dessa-art.com\/wp-content\/uploads\/2020\/09\/salomon06-36x36.jpg 36w, https:\/\/dessa-art.com\/wp-content\/uploads\/2020\/09\/salomon06-180x180.jpg 180w, https:\/\/dessa-art.com\/wp-content\/uploads\/2020\/09\/salomon06.jpg 1200w\" sizes=\"(max-width: 702px) 100vw, 702px\" \/><\/div><\/div><\/figure><\/a><!--end av-masonry entry--><a href=\"https:\/\/dessa-art.com\/wp-content\/uploads\/2020\/09\/britten07-773x1030.jpg\" data-srcset=\"https:\/\/dessa-art.com\/wp-content\/uploads\/2020\/09\/britten07-773x1030.jpg 773w, https:\/\/dessa-art.com\/wp-content\/uploads\/2020\/09\/britten07-225x300.jpg 225w, https:\/\/dessa-art.com\/wp-content\/uploads\/2020\/09\/britten07-768x1024.jpg 768w, https:\/\/dessa-art.com\/wp-content\/uploads\/2020\/09\/britten07-529x705.jpg 529w, https:\/\/dessa-art.com\/wp-content\/uploads\/2020\/09\/britten07.jpg 900w\" data-sizes=\"(max-width: 773px) 100vw, 773px\"  aria-label=\"Bild Bild ohne Titel\"  id='av-masonry-1-item-959' data-av-masonry-item='959' class='av-masonry-entry isotope-item post-959 attachment type-attachment status-inherit hentry  av-masonry-item-with-image' title=\"\" alt=\"\"    itemprop=\"thumbnailUrl\" ><div class='av-inner-masonry-sizer'><\/div><figure class='av-inner-masonry main_color'><div class=\"av-masonry-outerimage-container\"><div class='av-masonry-image-container'  ><img decoding=\"async\" width=\"529\" height=\"705\" fetchpriority=\"high\" class=\"wp-image-959 avia-img-lazy-loading-not-959\"  src=\"https:\/\/dessa-art.com\/wp-content\/uploads\/2020\/09\/britten07-529x705.jpg\" title=\"\" alt=\"\" srcset=\"https:\/\/dessa-art.com\/wp-content\/uploads\/2020\/09\/britten07-529x705.jpg 529w, https:\/\/dessa-art.com\/wp-content\/uploads\/2020\/09\/britten07-225x300.jpg 225w, https:\/\/dessa-art.com\/wp-content\/uploads\/2020\/09\/britten07-773x1030.jpg 773w, https:\/\/dessa-art.com\/wp-content\/uploads\/2020\/09\/britten07-768x1024.jpg 768w, https:\/\/dessa-art.com\/wp-content\/uploads\/2020\/09\/britten07.jpg 900w\" sizes=\"(max-width: 529px) 100vw, 529px\" \/><\/div><\/div><\/figure><\/a><!--end av-masonry entry--><a href=\"https:\/\/dessa-art.com\/wp-content\/uploads\/2020\/09\/korngold05-772x1030.jpg\" data-srcset=\"https:\/\/dessa-art.com\/wp-content\/uploads\/2020\/09\/korngold05-772x1030.jpg 772w, https:\/\/dessa-art.com\/wp-content\/uploads\/2020\/09\/korngold05-225x300.jpg 225w, https:\/\/dessa-art.com\/wp-content\/uploads\/2020\/09\/korngold05-768x1025.jpg 768w, https:\/\/dessa-art.com\/wp-content\/uploads\/2020\/09\/korngold05-528x705.jpg 528w, https:\/\/dessa-art.com\/wp-content\/uploads\/2020\/09\/korngold05.jpg 899w\" data-sizes=\"(max-width: 772px) 100vw, 772px\"  aria-label=\"Bild Bild ohne Titel\"  id='av-masonry-1-item-897' data-av-masonry-item='897' class='av-masonry-entry isotope-item post-897 attachment type-attachment status-inherit hentry  av-masonry-item-with-image' title=\"\" alt=\"\"    itemprop=\"thumbnailUrl\" ><div class='av-inner-masonry-sizer'><\/div><figure class='av-inner-masonry main_color'><div class=\"av-masonry-outerimage-container\"><div class='av-masonry-image-container'  ><img decoding=\"async\" width=\"528\" height=\"705\" fetchpriority=\"high\" class=\"wp-image-897 avia-img-lazy-loading-not-897\"  src=\"https:\/\/dessa-art.com\/wp-content\/uploads\/2020\/09\/korngold05-528x705.jpg\" title=\"\" alt=\"\" srcset=\"https:\/\/dessa-art.com\/wp-content\/uploads\/2020\/09\/korngold05-528x705.jpg 528w, https:\/\/dessa-art.com\/wp-content\/uploads\/2020\/09\/korngold05-225x300.jpg 225w, https:\/\/dessa-art.com\/wp-content\/uploads\/2020\/09\/korngold05-772x1030.jpg 772w, https:\/\/dessa-art.com\/wp-content\/uploads\/2020\/09\/korngold05-768x1025.jpg 768w, https:\/\/dessa-art.com\/wp-content\/uploads\/2020\/09\/korngold05.jpg 899w\" sizes=\"(max-width: 528px) 100vw, 528px\" \/><\/div><\/div><\/figure><\/a><!--end av-masonry entry--><a href=\"https:\/\/dessa-art.com\/wp-content\/uploads\/2020\/07\/portraits.jpg\" data-srcset=\"https:\/\/dessa-art.com\/wp-content\/uploads\/2020\/07\/portraits.jpg 358w, https:\/\/dessa-art.com\/wp-content\/uploads\/2020\/07\/portraits-215x300.jpg 215w\" data-sizes=\"(max-width: 358px) 100vw, 358px\"  aria-label=\"Bild Bild ohne Titel\"  id='av-masonry-1-item-739' data-av-masonry-item='739' class='av-masonry-entry isotope-item post-739 attachment type-attachment status-inherit hentry  av-masonry-item-with-image' title=\"\" alt=\"\"    itemprop=\"thumbnailUrl\" ><div class='av-inner-masonry-sizer'><\/div><figure class='av-inner-masonry main_color'><div class=\"av-masonry-outerimage-container\"><div class='av-masonry-image-container'  ><img decoding=\"async\" width=\"358\" height=\"500\" fetchpriority=\"high\" class=\"wp-image-739 avia-img-lazy-loading-not-739\"  src=\"https:\/\/dessa-art.com\/wp-content\/uploads\/2020\/07\/portraits.jpg\" title=\"\" alt=\"\" srcset=\"https:\/\/dessa-art.com\/wp-content\/uploads\/2020\/07\/portraits.jpg 358w, https:\/\/dessa-art.com\/wp-content\/uploads\/2020\/07\/portraits-215x300.jpg 215w\" sizes=\"(max-width: 358px) 100vw, 358px\" \/><\/div><\/div><\/figure><\/a><!--end av-masonry entry--><\/div><\/div>\n<\/p>\n","protected":false},"excerpt":{"rendered":"","protected":false},"author":1,"featured_media":0,"parent":1197,"menu_order":0,"comment_status":"closed","ping_status":"closed","template":"","meta":{"footnotes":""},"class_list":["post-1229","page","type-page","status-publish","hentry"],"_links":{"self":[{"href":"https:\/\/dessa-art.com\/de\/wp-json\/wp\/v2\/pages\/1229","targetHints":{"allow":["GET"]}}],"collection":[{"href":"https:\/\/dessa-art.com\/de\/wp-json\/wp\/v2\/pages"}],"about":[{"href":"https:\/\/dessa-art.com\/de\/wp-json\/wp\/v2\/types\/page"}],"author":[{"embeddable":true,"href":"https:\/\/dessa-art.com\/de\/wp-json\/wp\/v2\/users\/1"}],"replies":[{"embeddable":true,"href":"https:\/\/dessa-art.com\/de\/wp-json\/wp\/v2\/comments?post=1229"}],"version-history":[{"count":5,"href":"https:\/\/dessa-art.com\/de\/wp-json\/wp\/v2\/pages\/1229\/revisions"}],"predecessor-version":[{"id":1394,"href":"https:\/\/dessa-art.com\/de\/wp-json\/wp\/v2\/pages\/1229\/revisions\/1394"}],"up":[{"embeddable":true,"href":"https:\/\/dessa-art.com\/de\/wp-json\/wp\/v2\/pages\/1197"}],"wp:attachment":[{"href":"https:\/\/dessa-art.com\/de\/wp-json\/wp\/v2\/media?parent=1229"}],"curies":[{"name":"wp","href":"https:\/\/api.w.org\/{rel}","templated":true}]}}