{"id":1234,"date":"2020-11-01T13:57:01","date_gmt":"2020-11-01T13:57:01","guid":{"rendered":"https:\/\/dessa-art.com\/works\/stones-of-pride\/"},"modified":"2020-12-03T12:13:15","modified_gmt":"2020-12-03T12:13:15","slug":"stolzesteine","status":"publish","type":"page","link":"https:\/\/dessa-art.com\/de\/werke\/stolzesteine\/","title":{"rendered":"Stolzesteine"},"content":{"rendered":"[av_submenu which_menu='custom' menu='5' position='center' sticky='aviaTBsticky' color='main_color' mobile='disabled' mobile_switch='av-switch-768' alb_description='' id='' custom_class='' av_uid='av-kcfw6dvb']\r\n[av_submenu_item title='Abstracts' button_style='' link='page,1202' linktarget='' av_uid='av-enjd8d']\r\n[av_submenu_item title='Collagen' button_style='' link='page,1213' linktarget='' av_uid='av-cvbc7h']\r\n[av_submenu_item title='Land Escapes' button_style='' link='page,1224' linktarget='' av_uid='av-andw8t']\r\n[av_submenu_item title='Portr\u00e4ts' button_style='' link='page,1229' linktarget='' av_uid='av-8qv48d']\r\n[av_submenu_item title='Transoundart' button_style='' link='page,1239' linktarget='' av_uid='av-6sur7h']\r\n[av_submenu_item title='Installationen\/Dekor' button_style='' link='page,1219' linktarget='' av_uid='av-5ia89p']\r\n[av_submenu_item title='Alice Salomon' button_style='' link='page,1207' linktarget='' av_uid='av-ftq7x']\r\n[av_submenu_item title='Stolzesteine' button_style='' link='page,1234' linktarget='' av_uid='av-21cmot']\r\n[\/av_submenu]\r\n\r\n\n\n<style type=\"text\/css\" data-created_by=\"avia_inline_auto\" id=\"style-css-av-b9f04-37e3dbb275a7c3ca2f9db1d25cd5182f\">\n.flex_column.av-b9f04-37e3dbb275a7c3ca2f9db1d25cd5182f{\nborder-radius:0px 0px 0px 0px;\npadding:0px 0px 0px 0px;\n}\n<\/style>\n<div  class='flex_column av-b9f04-37e3dbb275a7c3ca2f9db1d25cd5182f av_one_half  avia-builder-el-1  el_after_av_postcontent  el_before_av_one_half  avia-builder-el-first  first flex_column_div av-zero-column-padding  '     ><p>\n<style type=\"text\/css\" data-created_by=\"avia_inline_auto\" id=\"style-css-av-kgz8xxw9-8756650cc774ebd290e956746792d87f\">\n.avia-image-container.av-kgz8xxw9-8756650cc774ebd290e956746792d87f img.avia_image{\nbox-shadow:none;\n}\n.avia-image-container.av-kgz8xxw9-8756650cc774ebd290e956746792d87f .av-image-caption-overlay-center{\ncolor:#ffffff;\n}\n<\/style>\n<div  class='avia-image-container av-kgz8xxw9-8756650cc774ebd290e956746792d87f av-styling- avia-align-center  avia-builder-el-2  el_before_av_image  avia-builder-el-first '   itemprop=\"image\" itemscope=\"itemscope\" itemtype=\"https:\/\/schema.org\/ImageObject\" ><div class=\"avia-image-container-inner\"><div class=\"avia-image-overlay-wrap\"><img decoding=\"async\" fetchpriority=\"high\" class='wp-image-1143 avia-img-lazy-loading-not-1143 avia_image ' src=\"https:\/\/dessa-art.com\/wp-content\/uploads\/2020\/11\/stolzesteine07-1.jpg\" alt='' title=''  height=\"999\" width=\"996\"  itemprop=\"thumbnailUrl\" srcset=\"https:\/\/dessa-art.com\/wp-content\/uploads\/2020\/11\/stolzesteine07-1.jpg 996w, https:\/\/dessa-art.com\/wp-content\/uploads\/2020\/11\/stolzesteine07-1-300x300.jpg 300w, https:\/\/dessa-art.com\/wp-content\/uploads\/2020\/11\/stolzesteine07-1-80x80.jpg 80w, https:\/\/dessa-art.com\/wp-content\/uploads\/2020\/11\/stolzesteine07-1-768x770.jpg 768w, https:\/\/dessa-art.com\/wp-content\/uploads\/2020\/11\/stolzesteine07-1-36x36.jpg 36w, https:\/\/dessa-art.com\/wp-content\/uploads\/2020\/11\/stolzesteine07-1-180x180.jpg 180w, https:\/\/dessa-art.com\/wp-content\/uploads\/2020\/11\/stolzesteine07-1-703x705.jpg 703w\" sizes=\"(max-width: 996px) 100vw, 996px\" \/><\/div><\/div><\/div><br \/>\n\n<style type=\"text\/css\" data-created_by=\"avia_inline_auto\" id=\"style-css-av-kcfy3t9t-e807e4febd4b607d6ecd5dd6f2cab1a2\">\n.avia-image-container.av-kcfy3t9t-e807e4febd4b607d6ecd5dd6f2cab1a2 img.avia_image{\nbox-shadow:none;\n}\n.avia-image-container.av-kcfy3t9t-e807e4febd4b607d6ecd5dd6f2cab1a2 .av-image-caption-overlay-center{\ncolor:#ffffff;\n}\n<\/style>\n<div  class='avia-image-container av-kcfy3t9t-e807e4febd4b607d6ecd5dd6f2cab1a2 av-styling- avia-align-center  avia-builder-el-3  el_after_av_image  avia-builder-el-last '   itemprop=\"image\" itemscope=\"itemscope\" itemtype=\"https:\/\/schema.org\/ImageObject\" ><div class=\"avia-image-container-inner\"><div class=\"avia-image-overlay-wrap\"><img decoding=\"async\" fetchpriority=\"high\" class='wp-image- avia-img-lazy-loading-not- avia_image ' src=\"https:\/\/dessa-art.com\/wp-content\/uploads\/2020\/11\/stolzesteine07.jpg\" alt='' title=''   itemprop=\"thumbnailUrl\"  \/><\/div><\/div><\/div><\/p><\/div>\n\n<style type=\"text\/css\" data-created_by=\"avia_inline_auto\" id=\"style-css-av-b9f04-d60fabb1e546da2f5ef0bc2669033819\">\n.flex_column.av-b9f04-d60fabb1e546da2f5ef0bc2669033819{\nborder-radius:0px 0px 0px 0px;\npadding:0px 0px 0px 0px;\n}\n<\/style>\n<div  class='flex_column av-b9f04-d60fabb1e546da2f5ef0bc2669033819 av_one_half  avia-builder-el-4  el_after_av_one_half  el_before_av_section  avia-builder-el-last  flex_column_div av-zero-column-padding  '     ><p>\n<style type=\"text\/css\" data-created_by=\"avia_inline_auto\" id=\"style-css-av-ki8svi20-be84699abf19f7fa0b424d065e0a1edd\">\n#top .av-special-heading.av-ki8svi20-be84699abf19f7fa0b424d065e0a1edd{\nmargin:0 0 0 0;\npadding-bottom:20px;\n}\nbody .av-special-heading.av-ki8svi20-be84699abf19f7fa0b424d065e0a1edd .av-special-heading-tag .heading-char{\nfont-size:25px;\n}\n.av-special-heading.av-ki8svi20-be84699abf19f7fa0b424d065e0a1edd .av-subheading{\nfont-size:15px;\n}\n<\/style>\n<div  class='av-special-heading av-ki8svi20-be84699abf19f7fa0b424d065e0a1edd av-special-heading-h2 blockquote modern-quote  avia-builder-el-5  el_before_av_textblock  avia-builder-el-first '><h2 class='av-special-heading-tag '  itemprop=\"headline\"  >Stolzesteine <\/h2><div class=\"special-heading-border\"><div class=\"special-heading-inner-border\"><\/div><\/div><\/div><br \/>\n<section  class='av_textblock_section av-kcfvzkiu-709c050fd913ad58ebaf07454571f36b '   itemscope=\"itemscope\" itemtype=\"https:\/\/schema.org\/CreativeWork\" ><div class='avia_textblock'  itemprop=\"text\" ><p class=\"p2\">Wie kann Kunst einer kollektiven j\u00fcdischen Erinnerung dienen?<\/p>\n<p class=\"p1\">Dies ist eines der Hauptthemen in DESSAs Werk. Ihre \u201eStolzesteine\u201c \u200b\u200bsind kleine, aufrecht stehende Steine \u200b\u200bin ihren Bildern. Sie ehren das Andenken an eine oder mehrere Personen und deren Lebenswerk. DESSA widmet ihre vorliegende Bildserie der Er\u00f6ffnung des Berliner Kaufhauses Nathan Israel am 10. M\u00e4rz 1815 \u2013 vor genau 200 Jahren. Sie ist eine Hommage an die Philanthropie und das soziale Engagement des Unternehmens \u00fcber vier Generationen.<\/p>\n<p class=\"p1\">Die Geschichte des Berliner Kaufhauses N. Israel wurde Teil ihrer k\u00fcnstlerischen Arbeit, seitdem sie das Firmenalbum \u201eDie Hygiene im Wandel der Zeiten\u201c von 1912 entdeckt hatte. DESSAs erster Tribut an N. Israel aus dem Jahr 2003 wurde in der Galerie Bremer in Berlin sowie im J\u00fcdischen Museum Westfalen pr\u00e4sentiert und inspirierte eine Ausstellung \u00fcber Hygiene am Mus\u00e9e de Pully in der Schweiz.<\/p>\n<\/div><\/section><\/p><\/div><\/div><\/div><\/div><!-- close content main div --><\/div><\/div><div id='av_section_1'  class='avia-section av-7smpw-fb1ee3c77c2bd9c18f46bc323528eb66 main_color avia-section-default avia-no-border-styling  avia-builder-el-7  el_after_av_one_half  avia-builder-el-last  avia-bg-style-scroll container_wrap fullsize'  ><div class='container av-section-cont-open' ><div class='template-page content  av-content-full alpha units'><div class='post-entry post-entry-type-page post-entry-1234'><div class='entry-content-wrapper clearfix'>\n\n<style type=\"text\/css\" data-created_by=\"avia_inline_auto\" id=\"style-css-av-kcfyaqxx-33d27961ec858dff5dbd0820bff08718\">\n#top .av-masonry.av-kcfyaqxx-33d27961ec858dff5dbd0820bff08718{\nbackground-color:#f8f8f8;\n}\n<\/style>\n<div id='av-masonry-1' class='av-masonry av-kcfyaqxx-33d27961ec858dff5dbd0820bff08718 noHover av-flex-size av-large-gap av-hover-overlay- av-masonry-animation-active av-masonry-col-4 av-caption-on-hover av-caption-style- av-masonry-gallery ' data-post_id=\"1234\"><div class=\"av-masonry-container isotope av-js-disabled\"><div class='av-masonry-entry isotope-item av-masonry-item-no-image '><\/div><a href=\"https:\/\/dessa-art.com\/wp-content\/uploads\/2020\/11\/stolzesteine00-1.jpg\" data-srcset=\"https:\/\/dessa-art.com\/wp-content\/uploads\/2020\/11\/stolzesteine00-1.jpg 999w, https:\/\/dessa-art.com\/wp-content\/uploads\/2020\/11\/stolzesteine00-1-300x246.jpg 300w, https:\/\/dessa-art.com\/wp-content\/uploads\/2020\/11\/stolzesteine00-1-768x629.jpg 768w, https:\/\/dessa-art.com\/wp-content\/uploads\/2020\/11\/stolzesteine00-1-705x577.jpg 705w\" data-sizes=\"(max-width: 999px) 100vw, 999px\"  aria-label=\"Bild Bild ohne Titel\"  id='av-masonry-1-item-1129' data-av-masonry-item='1129' class='av-masonry-entry isotope-item post-1129 attachment type-attachment status-inherit hentry  av-masonry-item-with-image' title=\"\" alt=\"\"    itemprop=\"thumbnailUrl\" ><div class='av-inner-masonry-sizer'><\/div><figure class='av-inner-masonry main_color'><div class=\"av-masonry-outerimage-container\"><div class='av-masonry-image-container'  ><img decoding=\"async\" width=\"705\" height=\"577\" fetchpriority=\"high\" class=\"wp-image-1129 avia-img-lazy-loading-not-1129\"  src=\"https:\/\/dessa-art.com\/wp-content\/uploads\/2020\/11\/stolzesteine00-1-705x577.jpg\" title=\"\" alt=\"\" srcset=\"https:\/\/dessa-art.com\/wp-content\/uploads\/2020\/11\/stolzesteine00-1-705x577.jpg 705w, https:\/\/dessa-art.com\/wp-content\/uploads\/2020\/11\/stolzesteine00-1-300x246.jpg 300w, https:\/\/dessa-art.com\/wp-content\/uploads\/2020\/11\/stolzesteine00-1-768x629.jpg 768w, https:\/\/dessa-art.com\/wp-content\/uploads\/2020\/11\/stolzesteine00-1.jpg 999w\" sizes=\"(max-width: 705px) 100vw, 705px\" \/><\/div><\/div><\/figure><\/a><!--end av-masonry entry--><a href=\"https:\/\/dessa-art.com\/wp-content\/uploads\/2020\/11\/stolzesteine01-1.jpg\" data-srcset=\"https:\/\/dessa-art.com\/wp-content\/uploads\/2020\/11\/stolzesteine01-1.jpg 988w, https:\/\/dessa-art.com\/wp-content\/uploads\/2020\/11\/stolzesteine01-1-300x298.jpg 300w, https:\/\/dessa-art.com\/wp-content\/uploads\/2020\/11\/stolzesteine01-1-80x80.jpg 80w, https:\/\/dessa-art.com\/wp-content\/uploads\/2020\/11\/stolzesteine01-1-768x763.jpg 768w, https:\/\/dessa-art.com\/wp-content\/uploads\/2020\/11\/stolzesteine01-1-36x36.jpg 36w, https:\/\/dessa-art.com\/wp-content\/uploads\/2020\/11\/stolzesteine01-1-180x180.jpg 180w, https:\/\/dessa-art.com\/wp-content\/uploads\/2020\/11\/stolzesteine01-1-705x701.jpg 705w\" data-sizes=\"(max-width: 988px) 100vw, 988px\"  aria-label=\"Bild Bild ohne Titel\"  id='av-masonry-1-item-1131' data-av-masonry-item='1131' class='av-masonry-entry isotope-item post-1131 attachment type-attachment status-inherit hentry  av-masonry-item-with-image' title=\"\" alt=\"\"    itemprop=\"thumbnailUrl\" ><div class='av-inner-masonry-sizer'><\/div><figure class='av-inner-masonry main_color'><div class=\"av-masonry-outerimage-container\"><div class='av-masonry-image-container'  ><img decoding=\"async\" width=\"705\" height=\"701\" fetchpriority=\"high\" class=\"wp-image-1131 avia-img-lazy-loading-not-1131\"  src=\"https:\/\/dessa-art.com\/wp-content\/uploads\/2020\/11\/stolzesteine01-1-705x701.jpg\" title=\"\" alt=\"\" srcset=\"https:\/\/dessa-art.com\/wp-content\/uploads\/2020\/11\/stolzesteine01-1-705x701.jpg 705w, https:\/\/dessa-art.com\/wp-content\/uploads\/2020\/11\/stolzesteine01-1-300x298.jpg 300w, https:\/\/dessa-art.com\/wp-content\/uploads\/2020\/11\/stolzesteine01-1-80x80.jpg 80w, https:\/\/dessa-art.com\/wp-content\/uploads\/2020\/11\/stolzesteine01-1-768x763.jpg 768w, https:\/\/dessa-art.com\/wp-content\/uploads\/2020\/11\/stolzesteine01-1-36x36.jpg 36w, https:\/\/dessa-art.com\/wp-content\/uploads\/2020\/11\/stolzesteine01-1-180x180.jpg 180w, https:\/\/dessa-art.com\/wp-content\/uploads\/2020\/11\/stolzesteine01-1.jpg 988w\" sizes=\"(max-width: 705px) 100vw, 705px\" \/><\/div><\/div><\/figure><\/a><!--end av-masonry entry--><a href=\"https:\/\/dessa-art.com\/wp-content\/uploads\/2020\/11\/stolzesteine02-1.jpg\" data-srcset=\"https:\/\/dessa-art.com\/wp-content\/uploads\/2020\/11\/stolzesteine02-1.jpg 979w, https:\/\/dessa-art.com\/wp-content\/uploads\/2020\/11\/stolzesteine02-1-300x300.jpg 300w, https:\/\/dessa-art.com\/wp-content\/uploads\/2020\/11\/stolzesteine02-1-80x80.jpg 80w, https:\/\/dessa-art.com\/wp-content\/uploads\/2020\/11\/stolzesteine02-1-768x771.jpg 768w, https:\/\/dessa-art.com\/wp-content\/uploads\/2020\/11\/stolzesteine02-1-36x36.jpg 36w, https:\/\/dessa-art.com\/wp-content\/uploads\/2020\/11\/stolzesteine02-1-180x180.jpg 180w, https:\/\/dessa-art.com\/wp-content\/uploads\/2020\/11\/stolzesteine02-1-702x705.jpg 702w\" data-sizes=\"(max-width: 979px) 100vw, 979px\"  aria-label=\"Bild Bild ohne Titel\"  id='av-masonry-1-item-1133' data-av-masonry-item='1133' class='av-masonry-entry isotope-item post-1133 attachment type-attachment status-inherit hentry  av-masonry-item-with-image' title=\"\" alt=\"\"    itemprop=\"thumbnailUrl\" ><div class='av-inner-masonry-sizer'><\/div><figure class='av-inner-masonry main_color'><div class=\"av-masonry-outerimage-container\"><div class='av-masonry-image-container'  ><img decoding=\"async\" width=\"702\" height=\"705\" fetchpriority=\"high\" class=\"wp-image-1133 avia-img-lazy-loading-not-1133\"  src=\"https:\/\/dessa-art.com\/wp-content\/uploads\/2020\/11\/stolzesteine02-1-702x705.jpg\" title=\"\" alt=\"\" srcset=\"https:\/\/dessa-art.com\/wp-content\/uploads\/2020\/11\/stolzesteine02-1-702x705.jpg 702w, https:\/\/dessa-art.com\/wp-content\/uploads\/2020\/11\/stolzesteine02-1-300x300.jpg 300w, https:\/\/dessa-art.com\/wp-content\/uploads\/2020\/11\/stolzesteine02-1-80x80.jpg 80w, https:\/\/dessa-art.com\/wp-content\/uploads\/2020\/11\/stolzesteine02-1-768x771.jpg 768w, https:\/\/dessa-art.com\/wp-content\/uploads\/2020\/11\/stolzesteine02-1-36x36.jpg 36w, https:\/\/dessa-art.com\/wp-content\/uploads\/2020\/11\/stolzesteine02-1-180x180.jpg 180w, https:\/\/dessa-art.com\/wp-content\/uploads\/2020\/11\/stolzesteine02-1.jpg 979w\" sizes=\"(max-width: 702px) 100vw, 702px\" \/><\/div><\/div><\/figure><\/a><!--end av-masonry entry--><a href=\"https:\/\/dessa-art.com\/wp-content\/uploads\/2020\/11\/stolzesteine03-1.jpg\" data-srcset=\"https:\/\/dessa-art.com\/wp-content\/uploads\/2020\/11\/stolzesteine03-1.jpg 999w, https:\/\/dessa-art.com\/wp-content\/uploads\/2020\/11\/stolzesteine03-1-300x298.jpg 300w, https:\/\/dessa-art.com\/wp-content\/uploads\/2020\/11\/stolzesteine03-1-80x80.jpg 80w, https:\/\/dessa-art.com\/wp-content\/uploads\/2020\/11\/stolzesteine03-1-768x764.jpg 768w, https:\/\/dessa-art.com\/wp-content\/uploads\/2020\/11\/stolzesteine03-1-36x36.jpg 36w, https:\/\/dessa-art.com\/wp-content\/uploads\/2020\/11\/stolzesteine03-1-180x180.jpg 180w, https:\/\/dessa-art.com\/wp-content\/uploads\/2020\/11\/stolzesteine03-1-705x701.jpg 705w\" data-sizes=\"(max-width: 999px) 100vw, 999px\"  aria-label=\"Bild Bild ohne Titel\"  id='av-masonry-1-item-1135' data-av-masonry-item='1135' class='av-masonry-entry isotope-item post-1135 attachment type-attachment status-inherit hentry  av-masonry-item-with-image' title=\"\" alt=\"\"    itemprop=\"thumbnailUrl\" ><div class='av-inner-masonry-sizer'><\/div><figure class='av-inner-masonry main_color'><div class=\"av-masonry-outerimage-container\"><div class='av-masonry-image-container'  ><img decoding=\"async\" width=\"705\" height=\"701\" fetchpriority=\"high\" class=\"wp-image-1135 avia-img-lazy-loading-not-1135\"  src=\"https:\/\/dessa-art.com\/wp-content\/uploads\/2020\/11\/stolzesteine03-1-705x701.jpg\" title=\"\" alt=\"\" srcset=\"https:\/\/dessa-art.com\/wp-content\/uploads\/2020\/11\/stolzesteine03-1-705x701.jpg 705w, https:\/\/dessa-art.com\/wp-content\/uploads\/2020\/11\/stolzesteine03-1-300x298.jpg 300w, https:\/\/dessa-art.com\/wp-content\/uploads\/2020\/11\/stolzesteine03-1-80x80.jpg 80w, https:\/\/dessa-art.com\/wp-content\/uploads\/2020\/11\/stolzesteine03-1-768x764.jpg 768w, https:\/\/dessa-art.com\/wp-content\/uploads\/2020\/11\/stolzesteine03-1-36x36.jpg 36w, https:\/\/dessa-art.com\/wp-content\/uploads\/2020\/11\/stolzesteine03-1-180x180.jpg 180w, https:\/\/dessa-art.com\/wp-content\/uploads\/2020\/11\/stolzesteine03-1.jpg 999w\" sizes=\"(max-width: 705px) 100vw, 705px\" \/><\/div><\/div><\/figure><\/a><!--end av-masonry entry--><a href=\"https:\/\/dessa-art.com\/wp-content\/uploads\/2020\/11\/stolzesteine04-1.jpg\" data-srcset=\"https:\/\/dessa-art.com\/wp-content\/uploads\/2020\/11\/stolzesteine04-1.jpg 999w, https:\/\/dessa-art.com\/wp-content\/uploads\/2020\/11\/stolzesteine04-1-300x233.jpg 300w, https:\/\/dessa-art.com\/wp-content\/uploads\/2020\/11\/stolzesteine04-1-768x596.jpg 768w, https:\/\/dessa-art.com\/wp-content\/uploads\/2020\/11\/stolzesteine04-1-705x547.jpg 705w\" data-sizes=\"(max-width: 999px) 100vw, 999px\"  aria-label=\"Bild Bild ohne Titel\"  id='av-masonry-1-item-1137' data-av-masonry-item='1137' class='av-masonry-entry isotope-item post-1137 attachment type-attachment status-inherit hentry  av-masonry-item-with-image' title=\"\" alt=\"\"    itemprop=\"thumbnailUrl\" ><div class='av-inner-masonry-sizer'><\/div><figure class='av-inner-masonry main_color'><div class=\"av-masonry-outerimage-container\"><div class='av-masonry-image-container'  ><img decoding=\"async\" width=\"705\" height=\"547\" fetchpriority=\"high\" class=\"wp-image-1137 avia-img-lazy-loading-not-1137\"  src=\"https:\/\/dessa-art.com\/wp-content\/uploads\/2020\/11\/stolzesteine04-1-705x547.jpg\" title=\"\" alt=\"\" srcset=\"https:\/\/dessa-art.com\/wp-content\/uploads\/2020\/11\/stolzesteine04-1-705x547.jpg 705w, https:\/\/dessa-art.com\/wp-content\/uploads\/2020\/11\/stolzesteine04-1-300x233.jpg 300w, https:\/\/dessa-art.com\/wp-content\/uploads\/2020\/11\/stolzesteine04-1-768x596.jpg 768w, https:\/\/dessa-art.com\/wp-content\/uploads\/2020\/11\/stolzesteine04-1.jpg 999w\" sizes=\"(max-width: 705px) 100vw, 705px\" \/><\/div><\/div><\/figure><\/a><!--end av-masonry entry--><a href=\"https:\/\/dessa-art.com\/wp-content\/uploads\/2020\/11\/stolzesteine05-1.jpg\" data-srcset=\"https:\/\/dessa-art.com\/wp-content\/uploads\/2020\/11\/stolzesteine05-1.jpg 753w, https:\/\/dessa-art.com\/wp-content\/uploads\/2020\/11\/stolzesteine05-1-230x300.jpg 230w, https:\/\/dessa-art.com\/wp-content\/uploads\/2020\/11\/stolzesteine05-1-541x705.jpg 541w\" data-sizes=\"(max-width: 753px) 100vw, 753px\"  aria-label=\"Bild Bild ohne Titel\"  id='av-masonry-1-item-1139' data-av-masonry-item='1139' class='av-masonry-entry isotope-item post-1139 attachment type-attachment status-inherit hentry  av-masonry-item-with-image' title=\"\" alt=\"\"    itemprop=\"thumbnailUrl\" ><div class='av-inner-masonry-sizer'><\/div><figure class='av-inner-masonry main_color'><div class=\"av-masonry-outerimage-container\"><div class='av-masonry-image-container'  ><img decoding=\"async\" width=\"541\" height=\"705\" fetchpriority=\"high\" class=\"wp-image-1139 avia-img-lazy-loading-not-1139\"  src=\"https:\/\/dessa-art.com\/wp-content\/uploads\/2020\/11\/stolzesteine05-1-541x705.jpg\" title=\"\" alt=\"\" srcset=\"https:\/\/dessa-art.com\/wp-content\/uploads\/2020\/11\/stolzesteine05-1-541x705.jpg 541w, https:\/\/dessa-art.com\/wp-content\/uploads\/2020\/11\/stolzesteine05-1-230x300.jpg 230w, https:\/\/dessa-art.com\/wp-content\/uploads\/2020\/11\/stolzesteine05-1.jpg 753w\" sizes=\"(max-width: 541px) 100vw, 541px\" \/><\/div><\/div><\/figure><\/a><!--end av-masonry entry--><a href=\"https:\/\/dessa-art.com\/wp-content\/uploads\/2020\/11\/stolzesteine06-1.jpg\" data-srcset=\"https:\/\/dessa-art.com\/wp-content\/uploads\/2020\/11\/stolzesteine06-1.jpg 995w, https:\/\/dessa-art.com\/wp-content\/uploads\/2020\/11\/stolzesteine06-1-300x206.jpg 300w, https:\/\/dessa-art.com\/wp-content\/uploads\/2020\/11\/stolzesteine06-1-768x528.jpg 768w, https:\/\/dessa-art.com\/wp-content\/uploads\/2020\/11\/stolzesteine06-1-705x485.jpg 705w\" data-sizes=\"(max-width: 995px) 100vw, 995px\"  aria-label=\"Bild Bild ohne Titel\"  id='av-masonry-1-item-1141' data-av-masonry-item='1141' class='av-masonry-entry isotope-item post-1141 attachment type-attachment status-inherit hentry  av-masonry-item-with-image' title=\"\" alt=\"\"    itemprop=\"thumbnailUrl\" ><div class='av-inner-masonry-sizer'><\/div><figure class='av-inner-masonry main_color'><div class=\"av-masonry-outerimage-container\"><div class='av-masonry-image-container'  ><img decoding=\"async\" width=\"705\" height=\"485\" fetchpriority=\"high\" class=\"wp-image-1141 avia-img-lazy-loading-not-1141\"  src=\"https:\/\/dessa-art.com\/wp-content\/uploads\/2020\/11\/stolzesteine06-1-705x485.jpg\" title=\"\" alt=\"\" srcset=\"https:\/\/dessa-art.com\/wp-content\/uploads\/2020\/11\/stolzesteine06-1-705x485.jpg 705w, https:\/\/dessa-art.com\/wp-content\/uploads\/2020\/11\/stolzesteine06-1-300x206.jpg 300w, https:\/\/dessa-art.com\/wp-content\/uploads\/2020\/11\/stolzesteine06-1-768x528.jpg 768w, https:\/\/dessa-art.com\/wp-content\/uploads\/2020\/11\/stolzesteine06-1.jpg 995w\" sizes=\"(max-width: 705px) 100vw, 705px\" \/><\/div><\/div><\/figure><\/a><!--end av-masonry entry--><a href=\"https:\/\/dessa-art.com\/wp-content\/uploads\/2020\/11\/stolzesteine07-1.jpg\" data-srcset=\"https:\/\/dessa-art.com\/wp-content\/uploads\/2020\/11\/stolzesteine07-1.jpg 996w, https:\/\/dessa-art.com\/wp-content\/uploads\/2020\/11\/stolzesteine07-1-300x300.jpg 300w, https:\/\/dessa-art.com\/wp-content\/uploads\/2020\/11\/stolzesteine07-1-80x80.jpg 80w, https:\/\/dessa-art.com\/wp-content\/uploads\/2020\/11\/stolzesteine07-1-768x770.jpg 768w, https:\/\/dessa-art.com\/wp-content\/uploads\/2020\/11\/stolzesteine07-1-36x36.jpg 36w, https:\/\/dessa-art.com\/wp-content\/uploads\/2020\/11\/stolzesteine07-1-180x180.jpg 180w, https:\/\/dessa-art.com\/wp-content\/uploads\/2020\/11\/stolzesteine07-1-703x705.jpg 703w\" data-sizes=\"(max-width: 996px) 100vw, 996px\"  aria-label=\"Bild Bild ohne Titel\"  id='av-masonry-1-item-1143' data-av-masonry-item='1143' class='av-masonry-entry isotope-item post-1143 attachment type-attachment status-inherit hentry  av-masonry-item-with-image' title=\"\" alt=\"\"    itemprop=\"thumbnailUrl\" ><div class='av-inner-masonry-sizer'><\/div><figure class='av-inner-masonry main_color'><div class=\"av-masonry-outerimage-container\"><div class='av-masonry-image-container'  ><img decoding=\"async\" width=\"703\" height=\"705\" fetchpriority=\"high\" class=\"wp-image-1143 avia-img-lazy-loading-not-1143\"  src=\"https:\/\/dessa-art.com\/wp-content\/uploads\/2020\/11\/stolzesteine07-1-703x705.jpg\" title=\"\" alt=\"\" srcset=\"https:\/\/dessa-art.com\/wp-content\/uploads\/2020\/11\/stolzesteine07-1-703x705.jpg 703w, https:\/\/dessa-art.com\/wp-content\/uploads\/2020\/11\/stolzesteine07-1-300x300.jpg 300w, https:\/\/dessa-art.com\/wp-content\/uploads\/2020\/11\/stolzesteine07-1-80x80.jpg 80w, https:\/\/dessa-art.com\/wp-content\/uploads\/2020\/11\/stolzesteine07-1-768x770.jpg 768w, https:\/\/dessa-art.com\/wp-content\/uploads\/2020\/11\/stolzesteine07-1-36x36.jpg 36w, https:\/\/dessa-art.com\/wp-content\/uploads\/2020\/11\/stolzesteine07-1-180x180.jpg 180w, https:\/\/dessa-art.com\/wp-content\/uploads\/2020\/11\/stolzesteine07-1.jpg 996w\" sizes=\"(max-width: 703px) 100vw, 703px\" \/><\/div><\/div><\/figure><\/a><!--end av-masonry entry--><\/div><\/div>\n<\/p>\n","protected":false},"excerpt":{"rendered":"","protected":false},"author":1,"featured_media":0,"parent":1197,"menu_order":0,"comment_status":"closed","ping_status":"closed","template":"","meta":{"footnotes":""},"class_list":["post-1234","page","type-page","status-publish","hentry"],"_links":{"self":[{"href":"https:\/\/dessa-art.com\/de\/wp-json\/wp\/v2\/pages\/1234","targetHints":{"allow":["GET"]}}],"collection":[{"href":"https:\/\/dessa-art.com\/de\/wp-json\/wp\/v2\/pages"}],"about":[{"href":"https:\/\/dessa-art.com\/de\/wp-json\/wp\/v2\/types\/page"}],"author":[{"embeddable":true,"href":"https:\/\/dessa-art.com\/de\/wp-json\/wp\/v2\/users\/1"}],"replies":[{"embeddable":true,"href":"https:\/\/dessa-art.com\/de\/wp-json\/wp\/v2\/comments?post=1234"}],"version-history":[{"count":4,"href":"https:\/\/dessa-art.com\/de\/wp-json\/wp\/v2\/pages\/1234\/revisions"}],"predecessor-version":[{"id":1396,"href":"https:\/\/dessa-art.com\/de\/wp-json\/wp\/v2\/pages\/1234\/revisions\/1396"}],"up":[{"embeddable":true,"href":"https:\/\/dessa-art.com\/de\/wp-json\/wp\/v2\/pages\/1197"}],"wp:attachment":[{"href":"https:\/\/dessa-art.com\/de\/wp-json\/wp\/v2\/media?parent=1234"}],"curies":[{"name":"wp","href":"https:\/\/api.w.org\/{rel}","templated":true}]}}