{"id":2988,"date":"2022-11-24T10:25:00","date_gmt":"2022-11-24T10:25:00","guid":{"rendered":"https:\/\/dessa-art.com\/werke-2\/collage\/"},"modified":"2022-11-30T08:44:20","modified_gmt":"2022-11-30T08:44:20","slug":"collage","status":"publish","type":"page","link":"https:\/\/dessa-art.com\/de\/werke-2\/collage\/","title":{"rendered":"Collage"},"content":{"rendered":"[av_submenu which_menu='custom' menu='5' position='center' sticky='aviaTBsticky' color='main_color' mobile='disabled' mobile_switch='av-switch-768' alb_description='' id='' custom_class='' template_class='' av_uid='av-lauxo7i8' sc_version='1.0']\r\n[av_submenu_item title='Kleines Format' button_style='' link='page,2997' linktarget='' av_uid='av-lauxnip7' sc_version='1.0']\r\n[av_submenu_item title='Collage' button_style='' link='page,2988' linktarget='' av_uid='av-lauxmq3l' sc_version='1.0']\r\n[av_submenu_item title='Diverses' button_style='' link='page,3003' linktarget='' av_uid='av-lauxnr4z' sc_version='1.0']\r\n[av_submenu_item title='Mit Ukraine' button_style='' link='page,3007' linktarget='' av_uid='av-lauxo2fe' sc_version='1.0']\r\n[\/av_submenu]\r\n\r\n\n\n<style type=\"text\/css\" data-created_by=\"avia_inline_auto\" id=\"style-css-av-9lpu11-4c32d7d4c90d78ebe37c4ff65ccdbe68\">\n.flex_column.av-9lpu11-4c32d7d4c90d78ebe37c4ff65ccdbe68{\nborder-radius:0px 0px 0px 0px;\npadding:0px 0px 0px 0px;\n}\n<\/style>\n<div  class='flex_column av-9lpu11-4c32d7d4c90d78ebe37c4ff65ccdbe68 av_one_half  avia-builder-el-1  el_after_av_postcontent  el_before_av_one_half  avia-builder-el-first  first flex_column_div av-zero-column-padding  '     ><style type=\"text\/css\" data-created_by=\"avia_inline_auto\" id=\"style-css-av-87na1x-1cfc194fb52d558d1c9ef57e91002ac5\">\n.avia-image-container.av-87na1x-1cfc194fb52d558d1c9ef57e91002ac5 img.avia_image{\nbox-shadow:none;\n}\n.avia-image-container.av-87na1x-1cfc194fb52d558d1c9ef57e91002ac5 .av-image-caption-overlay-center{\ncolor:#ffffff;\n}\n<\/style>\n<div  class='avia-image-container av-87na1x-1cfc194fb52d558d1c9ef57e91002ac5 av-styling- avia-align-center  avia-builder-el-2  avia-builder-el-no-sibling '   itemprop=\"image\" itemscope=\"itemscope\" itemtype=\"https:\/\/schema.org\/ImageObject\" ><div class=\"avia-image-container-inner\"><div class=\"avia-image-overlay-wrap\"><img decoding=\"async\" fetchpriority=\"high\" class='wp-image-2867 avia-img-lazy-loading-not-2867 avia_image ' src=\"https:\/\/dessa-art.com\/wp-content\/uploads\/2022\/11\/IMG_1720-copie.webp\" alt='' title='IMG_1720 copie'  height=\"960\" width=\"1273\"  itemprop=\"thumbnailUrl\" srcset=\"https:\/\/dessa-art.com\/wp-content\/uploads\/2022\/11\/IMG_1720-copie.webp 1273w, https:\/\/dessa-art.com\/wp-content\/uploads\/2022\/11\/IMG_1720-copie-300x226.webp 300w, https:\/\/dessa-art.com\/wp-content\/uploads\/2022\/11\/IMG_1720-copie-1030x777.webp 1030w, https:\/\/dessa-art.com\/wp-content\/uploads\/2022\/11\/IMG_1720-copie-768x579.webp 768w, https:\/\/dessa-art.com\/wp-content\/uploads\/2022\/11\/IMG_1720-copie-705x532.webp 705w\" sizes=\"(max-width: 1273px) 100vw, 1273px\" \/><\/div><\/div><\/div><\/div>\n\n<style type=\"text\/css\" data-created_by=\"avia_inline_auto\" id=\"style-css-av-62653p-45368465898a4009cc0675dff2d907e1\">\n.flex_column.av-62653p-45368465898a4009cc0675dff2d907e1{\nborder-radius:0px 0px 0px 0px;\npadding:0px 0px 0px 0px;\n}\n<\/style>\n<div  class='flex_column av-62653p-45368465898a4009cc0675dff2d907e1 av_one_half  avia-builder-el-3  el_after_av_one_half  el_before_av_section  avia-builder-el-last  flex_column_div av-zero-column-padding  '     ><p>\n<style type=\"text\/css\" data-created_by=\"avia_inline_auto\" id=\"style-css-av-lauxg1ag-e71b176ab5d4c63e0676295c8008f19d\">\n#top .av-special-heading.av-lauxg1ag-e71b176ab5d4c63e0676295c8008f19d{\nmargin:0 0 0 0;\npadding-bottom:20px;\n}\nbody .av-special-heading.av-lauxg1ag-e71b176ab5d4c63e0676295c8008f19d .av-special-heading-tag .heading-char{\nfont-size:25px;\n}\n.av-special-heading.av-lauxg1ag-e71b176ab5d4c63e0676295c8008f19d .av-subheading{\nfont-size:15px;\n}\n<\/style>\n<div  class='av-special-heading av-lauxg1ag-e71b176ab5d4c63e0676295c8008f19d av-special-heading-h2 blockquote modern-quote  avia-builder-el-4  el_before_av_textblock  avia-builder-el-first '><h2 class='av-special-heading-tag '  itemprop=\"headline\"  >Collage<\/h2><div class=\"special-heading-border\"><div class=\"special-heading-inner-border\"><\/div><\/div><\/div><br \/>\n<section  class='av_textblock_section av-lauxgspc-47db0678c53958ce42e9d1fb4d37c3fe '   itemscope=\"itemscope\" itemtype=\"https:\/\/schema.org\/CreativeWork\" ><div class='avia_textblock'  itemprop=\"text\" ><p>Die Collage erlaubt meiner Phantasie, mit Kombinationen von Materialien wie Papier, Stoff und Steinen mit Bleistift und Farbe zu spielen. Alle Elemente und Bilder, die in die Collage eingebracht wurden, existierten vorher an verschiedenen Orten. Sie sind in einem visuellen St\u00fcck vereint, aber nicht zuf\u00e4llig. Jedes St\u00fcck ist sorgf\u00e4ltig positioniert. Diese Vereinheitlichung der Vielfalt entspricht meiner Lebensauffassung und -philosophie, d.h. Menschen und Kulturen nicht zu trennen, sondern zu verbinden, zusammenzuf\u00fchren.<\/p>\n<\/div><\/section><\/p><\/div>\n<\/div><\/div><\/div><!-- close content main div --><\/div><\/div><div id='av_section_1'  class='avia-section av-3salzp-f00233e13dc535dd1ab17238a49d9a20 main_color avia-section-default avia-no-border-styling  avia-builder-el-6  el_after_av_one_half  avia-builder-el-last  avia-bg-style-scroll container_wrap fullsize'  ><div class='container av-section-cont-open' ><div class='template-page content  av-content-full alpha units'><div class='post-entry post-entry-type-page post-entry-2988'><div class='entry-content-wrapper clearfix'>\n\n<style type=\"text\/css\" data-created_by=\"avia_inline_auto\" id=\"style-css-av-2ybfol-24314b7f5ab643ee2b21c38039352004\">\n#top .av-masonry.av-2ybfol-24314b7f5ab643ee2b21c38039352004{\nbackground-color:#f8f8f8;\n}\n<\/style>\n<div id='av-masonry-1' class='av-masonry av-2ybfol-24314b7f5ab643ee2b21c38039352004 noHover av-flex-size av-large-gap av-hover-overlay- av-masonry-animation-active av-masonry-col-4 av-caption-on-hover av-caption-style- av-masonry-gallery ' data-post_id=\"2988\"><div class=\"av-masonry-container isotope av-js-disabled\"><div class='av-masonry-entry isotope-item av-masonry-item-no-image '><\/div><a href=\"https:\/\/dessa-art.com\/wp-content\/uploads\/2021\/11\/DSC05761-3-2-722x1030.jpeg\" data-srcset=\"https:\/\/dessa-art.com\/wp-content\/uploads\/2021\/11\/DSC05761-3-2-722x1030.jpeg 722w, https:\/\/dessa-art.com\/wp-content\/uploads\/2021\/11\/DSC05761-3-2-210x300.jpeg 210w, https:\/\/dessa-art.com\/wp-content\/uploads\/2021\/11\/DSC05761-3-2-768x1096.jpeg 768w, https:\/\/dessa-art.com\/wp-content\/uploads\/2021\/11\/DSC05761-3-2-1076x1536.jpeg 1076w, https:\/\/dessa-art.com\/wp-content\/uploads\/2021\/11\/DSC05761-3-2-1435x2048.jpeg 1435w, https:\/\/dessa-art.com\/wp-content\/uploads\/2021\/11\/DSC05761-3-2-1051x1500.jpeg 1051w, https:\/\/dessa-art.com\/wp-content\/uploads\/2021\/11\/DSC05761-3-2-494x705.jpeg 494w, https:\/\/dessa-art.com\/wp-content\/uploads\/2021\/11\/DSC05761-3-2-scaled.jpeg 1794w\" data-sizes=\"(max-width: 722px) 100vw, 722px\"  aria-label=\"Bild &#8222;1971&#8220; &#8211; Homage an der Frauen in Schweizer Politiks\"  id='av-masonry-1-item-2649' data-av-masonry-item='2649' class='av-masonry-entry isotope-item post-2649 attachment type-attachment status-inherit hentry  av-masonry-item-with-image' title=\"&#8222;1971&#8220; &#8211; Homage an der Frauen in Schweizer Politiks\" alt=\"&quot;1971&quot; - Homage an der Frauen in Schweizer Politiks\"    itemprop=\"thumbnailUrl\" ><div class='av-inner-masonry-sizer'><\/div><figure class='av-inner-masonry main_color'><div class=\"av-masonry-outerimage-container\"><div class='av-masonry-image-container'  ><img decoding=\"async\" width=\"494\" height=\"705\" fetchpriority=\"high\" class=\"wp-image-2649 avia-img-lazy-loading-not-2649\"  src=\"https:\/\/dessa-art.com\/wp-content\/uploads\/2021\/11\/DSC05761-3-2-494x705.jpeg\" title=\"&#8222;1971&#8220; &#8211; Homage an der Frauen in Schweizer Politiks\" alt=\"&quot;1971&quot; - Homage an der Frauen in Schweizer Politiks\" srcset=\"https:\/\/dessa-art.com\/wp-content\/uploads\/2021\/11\/DSC05761-3-2-494x705.jpeg 494w, https:\/\/dessa-art.com\/wp-content\/uploads\/2021\/11\/DSC05761-3-2-210x300.jpeg 210w, https:\/\/dessa-art.com\/wp-content\/uploads\/2021\/11\/DSC05761-3-2-722x1030.jpeg 722w, https:\/\/dessa-art.com\/wp-content\/uploads\/2021\/11\/DSC05761-3-2-768x1096.jpeg 768w, https:\/\/dessa-art.com\/wp-content\/uploads\/2021\/11\/DSC05761-3-2-1076x1536.jpeg 1076w, https:\/\/dessa-art.com\/wp-content\/uploads\/2021\/11\/DSC05761-3-2-1435x2048.jpeg 1435w, https:\/\/dessa-art.com\/wp-content\/uploads\/2021\/11\/DSC05761-3-2-1051x1500.jpeg 1051w, https:\/\/dessa-art.com\/wp-content\/uploads\/2021\/11\/DSC05761-3-2-scaled.jpeg 1794w\" sizes=\"(max-width: 494px) 100vw, 494px\" \/><\/div><\/div><\/figure><\/a><!--end av-masonry entry--><a href=\"https:\/\/dessa-art.com\/wp-content\/uploads\/2022\/11\/DSC06126-773x1030.webp\" data-srcset=\"https:\/\/dessa-art.com\/wp-content\/uploads\/2022\/11\/DSC06126-773x1030.webp 773w, https:\/\/dessa-art.com\/wp-content\/uploads\/2022\/11\/DSC06126-225x300.webp 225w, https:\/\/dessa-art.com\/wp-content\/uploads\/2022\/11\/DSC06126-768x1023.webp 768w, https:\/\/dessa-art.com\/wp-content\/uploads\/2022\/11\/DSC06126-1153x1536.webp 1153w, https:\/\/dessa-art.com\/wp-content\/uploads\/2022\/11\/DSC06126-1538x2048.webp 1538w, https:\/\/dessa-art.com\/wp-content\/uploads\/2022\/11\/DSC06126-1126x1500.webp 1126w, https:\/\/dessa-art.com\/wp-content\/uploads\/2022\/11\/DSC06126-529x705.webp 529w, https:\/\/dessa-art.com\/wp-content\/uploads\/2022\/11\/DSC06126.webp 1600w\" data-sizes=\"(max-width: 773px) 100vw, 773px\"  aria-label=\"Bild DSC06126\"  id='av-masonry-1-item-2855' data-av-masonry-item='2855' class='av-masonry-entry isotope-item post-2855 attachment type-attachment status-inherit hentry  av-masonry-item-with-image' title=\"DSC06126\" alt=\"\"    itemprop=\"thumbnailUrl\" ><div class='av-inner-masonry-sizer'><\/div><figure class='av-inner-masonry main_color'><div class=\"av-masonry-outerimage-container\"><div class='av-masonry-image-container'  ><img decoding=\"async\" width=\"529\" height=\"705\" fetchpriority=\"high\" class=\"wp-image-2855 avia-img-lazy-loading-not-2855\"  src=\"https:\/\/dessa-art.com\/wp-content\/uploads\/2022\/11\/DSC06126-529x705.webp\" title=\"DSC06126\" alt=\"\" srcset=\"https:\/\/dessa-art.com\/wp-content\/uploads\/2022\/11\/DSC06126-529x705.webp 529w, https:\/\/dessa-art.com\/wp-content\/uploads\/2022\/11\/DSC06126-225x300.webp 225w, https:\/\/dessa-art.com\/wp-content\/uploads\/2022\/11\/DSC06126-773x1030.webp 773w, https:\/\/dessa-art.com\/wp-content\/uploads\/2022\/11\/DSC06126-768x1023.webp 768w, https:\/\/dessa-art.com\/wp-content\/uploads\/2022\/11\/DSC06126-1153x1536.webp 1153w, https:\/\/dessa-art.com\/wp-content\/uploads\/2022\/11\/DSC06126-1538x2048.webp 1538w, https:\/\/dessa-art.com\/wp-content\/uploads\/2022\/11\/DSC06126-1126x1500.webp 1126w, https:\/\/dessa-art.com\/wp-content\/uploads\/2022\/11\/DSC06126.webp 1600w\" sizes=\"(max-width: 529px) 100vw, 529px\" \/><\/div><\/div><\/figure><\/a><!--end av-masonry entry--><a href=\"https:\/\/dessa-art.com\/wp-content\/uploads\/2022\/11\/DSC06161-copie-1030x771.webp\" data-srcset=\"https:\/\/dessa-art.com\/wp-content\/uploads\/2022\/11\/DSC06161-copie-1030x771.webp 1030w, https:\/\/dessa-art.com\/wp-content\/uploads\/2022\/11\/DSC06161-copie-300x225.webp 300w, https:\/\/dessa-art.com\/wp-content\/uploads\/2022\/11\/DSC06161-copie-768x575.webp 768w, https:\/\/dessa-art.com\/wp-content\/uploads\/2022\/11\/DSC06161-copie-705x528.webp 705w, https:\/\/dessa-art.com\/wp-content\/uploads\/2022\/11\/DSC06161-copie.webp 1280w\" data-sizes=\"(max-width: 1030px) 100vw, 1030px\"  aria-label=\"Bild DSC06161 copie\"  id='av-masonry-1-item-2858' data-av-masonry-item='2858' class='av-masonry-entry isotope-item post-2858 attachment type-attachment status-inherit hentry  av-masonry-item-with-image' title=\"DSC06161 copie\" alt=\"\"    itemprop=\"thumbnailUrl\" ><div class='av-inner-masonry-sizer'><\/div><figure class='av-inner-masonry main_color'><div class=\"av-masonry-outerimage-container\"><div class='av-masonry-image-container'  ><img decoding=\"async\" width=\"705\" height=\"528\" fetchpriority=\"high\" class=\"wp-image-2858 avia-img-lazy-loading-not-2858\"  src=\"https:\/\/dessa-art.com\/wp-content\/uploads\/2022\/11\/DSC06161-copie-705x528.webp\" title=\"DSC06161 copie\" alt=\"\" srcset=\"https:\/\/dessa-art.com\/wp-content\/uploads\/2022\/11\/DSC06161-copie-705x528.webp 705w, https:\/\/dessa-art.com\/wp-content\/uploads\/2022\/11\/DSC06161-copie-300x225.webp 300w, https:\/\/dessa-art.com\/wp-content\/uploads\/2022\/11\/DSC06161-copie-1030x771.webp 1030w, https:\/\/dessa-art.com\/wp-content\/uploads\/2022\/11\/DSC06161-copie-768x575.webp 768w, https:\/\/dessa-art.com\/wp-content\/uploads\/2022\/11\/DSC06161-copie.webp 1280w\" sizes=\"(max-width: 705px) 100vw, 705px\" \/><\/div><\/div><\/figure><\/a><!--end av-masonry entry--><a href=\"https:\/\/dessa-art.com\/wp-content\/uploads\/2022\/11\/DSC06166-copie-809x1030.webp\" data-srcset=\"https:\/\/dessa-art.com\/wp-content\/uploads\/2022\/11\/DSC06166-copie-809x1030.webp 809w, https:\/\/dessa-art.com\/wp-content\/uploads\/2022\/11\/DSC06166-copie-235x300.webp 235w, https:\/\/dessa-art.com\/wp-content\/uploads\/2022\/11\/DSC06166-copie-768x978.webp 768w, https:\/\/dessa-art.com\/wp-content\/uploads\/2022\/11\/DSC06166-copie-553x705.webp 553w, https:\/\/dessa-art.com\/wp-content\/uploads\/2022\/11\/DSC06166-copie.webp 960w\" data-sizes=\"(max-width: 809px) 100vw, 809px\"  aria-label=\"Bild DSC06166 copie\"  id='av-masonry-1-item-2861' data-av-masonry-item='2861' class='av-masonry-entry isotope-item post-2861 attachment type-attachment status-inherit hentry  av-masonry-item-with-image' title=\"DSC06166 copie\" alt=\"\"    itemprop=\"thumbnailUrl\" ><div class='av-inner-masonry-sizer'><\/div><figure class='av-inner-masonry main_color'><div class=\"av-masonry-outerimage-container\"><div class='av-masonry-image-container'  ><img decoding=\"async\" width=\"553\" height=\"705\" fetchpriority=\"high\" class=\"wp-image-2861 avia-img-lazy-loading-not-2861\"  src=\"https:\/\/dessa-art.com\/wp-content\/uploads\/2022\/11\/DSC06166-copie-553x705.webp\" title=\"DSC06166 copie\" alt=\"\" srcset=\"https:\/\/dessa-art.com\/wp-content\/uploads\/2022\/11\/DSC06166-copie-553x705.webp 553w, https:\/\/dessa-art.com\/wp-content\/uploads\/2022\/11\/DSC06166-copie-235x300.webp 235w, https:\/\/dessa-art.com\/wp-content\/uploads\/2022\/11\/DSC06166-copie-809x1030.webp 809w, https:\/\/dessa-art.com\/wp-content\/uploads\/2022\/11\/DSC06166-copie-768x978.webp 768w, https:\/\/dessa-art.com\/wp-content\/uploads\/2022\/11\/DSC06166-copie.webp 960w\" sizes=\"(max-width: 553px) 100vw, 553px\" \/><\/div><\/div><\/figure><\/a><!--end av-masonry entry--><a href=\"https:\/\/dessa-art.com\/wp-content\/uploads\/2022\/11\/DSC06192-copie-1030x819.webp\" data-srcset=\"https:\/\/dessa-art.com\/wp-content\/uploads\/2022\/11\/DSC06192-copie-1030x819.webp 1030w, https:\/\/dessa-art.com\/wp-content\/uploads\/2022\/11\/DSC06192-copie-300x239.webp 300w, https:\/\/dessa-art.com\/wp-content\/uploads\/2022\/11\/DSC06192-copie-768x611.webp 768w, https:\/\/dessa-art.com\/wp-content\/uploads\/2022\/11\/DSC06192-copie-705x561.webp 705w, https:\/\/dessa-art.com\/wp-content\/uploads\/2022\/11\/DSC06192-copie.webp 1207w\" data-sizes=\"(max-width: 1030px) 100vw, 1030px\"  aria-label=\"Bild DSC06192 copie\"  id='av-masonry-1-item-2864' data-av-masonry-item='2864' class='av-masonry-entry isotope-item post-2864 attachment type-attachment status-inherit hentry  av-masonry-item-with-image' title=\"DSC06192 copie\" alt=\"\"    itemprop=\"thumbnailUrl\" ><div class='av-inner-masonry-sizer'><\/div><figure class='av-inner-masonry main_color'><div class=\"av-masonry-outerimage-container\"><div class='av-masonry-image-container'  ><img decoding=\"async\" width=\"705\" height=\"561\" fetchpriority=\"high\" class=\"wp-image-2864 avia-img-lazy-loading-not-2864\"  src=\"https:\/\/dessa-art.com\/wp-content\/uploads\/2022\/11\/DSC06192-copie-705x561.webp\" title=\"DSC06192 copie\" alt=\"\" srcset=\"https:\/\/dessa-art.com\/wp-content\/uploads\/2022\/11\/DSC06192-copie-705x561.webp 705w, https:\/\/dessa-art.com\/wp-content\/uploads\/2022\/11\/DSC06192-copie-300x239.webp 300w, https:\/\/dessa-art.com\/wp-content\/uploads\/2022\/11\/DSC06192-copie-1030x819.webp 1030w, https:\/\/dessa-art.com\/wp-content\/uploads\/2022\/11\/DSC06192-copie-768x611.webp 768w, https:\/\/dessa-art.com\/wp-content\/uploads\/2022\/11\/DSC06192-copie.webp 1207w\" sizes=\"(max-width: 705px) 100vw, 705px\" \/><\/div><\/div><\/figure><\/a><!--end av-masonry entry--><a href=\"https:\/\/dessa-art.com\/wp-content\/uploads\/2022\/11\/IMG_1720-copie-1030x777.webp\" data-srcset=\"https:\/\/dessa-art.com\/wp-content\/uploads\/2022\/11\/IMG_1720-copie-1030x777.webp 1030w, https:\/\/dessa-art.com\/wp-content\/uploads\/2022\/11\/IMG_1720-copie-300x226.webp 300w, https:\/\/dessa-art.com\/wp-content\/uploads\/2022\/11\/IMG_1720-copie-768x579.webp 768w, https:\/\/dessa-art.com\/wp-content\/uploads\/2022\/11\/IMG_1720-copie-705x532.webp 705w, https:\/\/dessa-art.com\/wp-content\/uploads\/2022\/11\/IMG_1720-copie.webp 1273w\" data-sizes=\"(max-width: 1030px) 100vw, 1030px\"  aria-label=\"Bild IMG_1720 copie\"  id='av-masonry-1-item-2867' data-av-masonry-item='2867' class='av-masonry-entry isotope-item post-2867 attachment type-attachment status-inherit hentry  av-masonry-item-with-image' title=\"IMG_1720 copie\" alt=\"\"    itemprop=\"thumbnailUrl\" ><div class='av-inner-masonry-sizer'><\/div><figure class='av-inner-masonry main_color'><div class=\"av-masonry-outerimage-container\"><div class='av-masonry-image-container'  ><img decoding=\"async\" width=\"705\" height=\"532\" fetchpriority=\"high\" class=\"wp-image-2867 avia-img-lazy-loading-not-2867\"  src=\"https:\/\/dessa-art.com\/wp-content\/uploads\/2022\/11\/IMG_1720-copie-705x532.webp\" title=\"IMG_1720 copie\" alt=\"\" srcset=\"https:\/\/dessa-art.com\/wp-content\/uploads\/2022\/11\/IMG_1720-copie-705x532.webp 705w, https:\/\/dessa-art.com\/wp-content\/uploads\/2022\/11\/IMG_1720-copie-300x226.webp 300w, https:\/\/dessa-art.com\/wp-content\/uploads\/2022\/11\/IMG_1720-copie-1030x777.webp 1030w, https:\/\/dessa-art.com\/wp-content\/uploads\/2022\/11\/IMG_1720-copie-768x579.webp 768w, https:\/\/dessa-art.com\/wp-content\/uploads\/2022\/11\/IMG_1720-copie.webp 1273w\" sizes=\"(max-width: 705px) 100vw, 705px\" \/><\/div><\/div><\/figure><\/a><!--end av-masonry entry--><a href=\"https:\/\/dessa-art.com\/wp-content\/uploads\/2022\/11\/IMG_1722-copie-803x1030.webp\" data-srcset=\"https:\/\/dessa-art.com\/wp-content\/uploads\/2022\/11\/IMG_1722-copie-803x1030.webp 803w, https:\/\/dessa-art.com\/wp-content\/uploads\/2022\/11\/IMG_1722-copie-234x300.webp 234w, https:\/\/dessa-art.com\/wp-content\/uploads\/2022\/11\/IMG_1722-copie-768x985.webp 768w, https:\/\/dessa-art.com\/wp-content\/uploads\/2022\/11\/IMG_1722-copie-550x705.webp 550w, https:\/\/dessa-art.com\/wp-content\/uploads\/2022\/11\/IMG_1722-copie.webp 960w\" data-sizes=\"(max-width: 803px) 100vw, 803px\"  aria-label=\"Bild IMG_1722 copie\"  id='av-masonry-1-item-2870' data-av-masonry-item='2870' class='av-masonry-entry isotope-item post-2870 attachment type-attachment status-inherit hentry  av-masonry-item-with-image' title=\"IMG_1722 copie\" alt=\"\"    itemprop=\"thumbnailUrl\" ><div class='av-inner-masonry-sizer'><\/div><figure class='av-inner-masonry main_color'><div class=\"av-masonry-outerimage-container\"><div class='av-masonry-image-container'  ><img decoding=\"async\" width=\"550\" height=\"705\" fetchpriority=\"high\" class=\"wp-image-2870 avia-img-lazy-loading-not-2870\"  src=\"https:\/\/dessa-art.com\/wp-content\/uploads\/2022\/11\/IMG_1722-copie-550x705.webp\" title=\"IMG_1722 copie\" alt=\"\" srcset=\"https:\/\/dessa-art.com\/wp-content\/uploads\/2022\/11\/IMG_1722-copie-550x705.webp 550w, https:\/\/dessa-art.com\/wp-content\/uploads\/2022\/11\/IMG_1722-copie-234x300.webp 234w, https:\/\/dessa-art.com\/wp-content\/uploads\/2022\/11\/IMG_1722-copie-803x1030.webp 803w, https:\/\/dessa-art.com\/wp-content\/uploads\/2022\/11\/IMG_1722-copie-768x985.webp 768w, https:\/\/dessa-art.com\/wp-content\/uploads\/2022\/11\/IMG_1722-copie.webp 960w\" sizes=\"(max-width: 550px) 100vw, 550px\" \/><\/div><\/div><\/figure><\/a><!--end av-masonry entry--><a href=\"https:\/\/dessa-art.com\/wp-content\/uploads\/2022\/11\/IMG_2902-copie-797x1030.webp\" data-srcset=\"https:\/\/dessa-art.com\/wp-content\/uploads\/2022\/11\/IMG_2902-copie-797x1030.webp 797w, https:\/\/dessa-art.com\/wp-content\/uploads\/2022\/11\/IMG_2902-copie-232x300.webp 232w, https:\/\/dessa-art.com\/wp-content\/uploads\/2022\/11\/IMG_2902-copie-768x993.webp 768w, https:\/\/dessa-art.com\/wp-content\/uploads\/2022\/11\/IMG_2902-copie-545x705.webp 545w, https:\/\/dessa-art.com\/wp-content\/uploads\/2022\/11\/IMG_2902-copie.webp 960w\" data-sizes=\"(max-width: 797px) 100vw, 797px\"  aria-label=\"Bild IMG_2902 copie\"  id='av-masonry-1-item-2873' data-av-masonry-item='2873' class='av-masonry-entry isotope-item post-2873 attachment type-attachment status-inherit hentry  av-masonry-item-with-image' title=\"IMG_2902 copie\" alt=\"\"    itemprop=\"thumbnailUrl\" ><div class='av-inner-masonry-sizer'><\/div><figure class='av-inner-masonry main_color'><div class=\"av-masonry-outerimage-container\"><div class='av-masonry-image-container'  ><img decoding=\"async\" width=\"545\" height=\"705\" fetchpriority=\"high\" class=\"wp-image-2873 avia-img-lazy-loading-not-2873\"  src=\"https:\/\/dessa-art.com\/wp-content\/uploads\/2022\/11\/IMG_2902-copie-545x705.webp\" title=\"IMG_2902 copie\" alt=\"\" srcset=\"https:\/\/dessa-art.com\/wp-content\/uploads\/2022\/11\/IMG_2902-copie-545x705.webp 545w, https:\/\/dessa-art.com\/wp-content\/uploads\/2022\/11\/IMG_2902-copie-232x300.webp 232w, https:\/\/dessa-art.com\/wp-content\/uploads\/2022\/11\/IMG_2902-copie-797x1030.webp 797w, https:\/\/dessa-art.com\/wp-content\/uploads\/2022\/11\/IMG_2902-copie-768x993.webp 768w, https:\/\/dessa-art.com\/wp-content\/uploads\/2022\/11\/IMG_2902-copie.webp 960w\" sizes=\"(max-width: 545px) 100vw, 545px\" \/><\/div><\/div><\/figure><\/a><!--end av-masonry entry--><a href=\"https:\/\/dessa-art.com\/wp-content\/uploads\/2022\/11\/w2-collage-berlin-copie-794x1030.webp\" data-srcset=\"https:\/\/dessa-art.com\/wp-content\/uploads\/2022\/11\/w2-collage-berlin-copie-794x1030.webp 794w, https:\/\/dessa-art.com\/wp-content\/uploads\/2022\/11\/w2-collage-berlin-copie-231x300.webp 231w, https:\/\/dessa-art.com\/wp-content\/uploads\/2022\/11\/w2-collage-berlin-copie-768x997.webp 768w, https:\/\/dessa-art.com\/wp-content\/uploads\/2022\/11\/w2-collage-berlin-copie-1183x1536.webp 1183w, https:\/\/dessa-art.com\/wp-content\/uploads\/2022\/11\/w2-collage-berlin-copie-1578x2048.webp 1578w, https:\/\/dessa-art.com\/wp-content\/uploads\/2022\/11\/w2-collage-berlin-copie-1156x1500.webp 1156w, https:\/\/dessa-art.com\/wp-content\/uploads\/2022\/11\/w2-collage-berlin-copie-543x705.webp 543w, https:\/\/dessa-art.com\/wp-content\/uploads\/2022\/11\/w2-collage-berlin-copie-scaled.webp 1972w\" data-sizes=\"(max-width: 794px) 100vw, 794px\"  aria-label=\"Bild w2-collage-berlin copie\"  id='av-masonry-1-item-2876' data-av-masonry-item='2876' class='av-masonry-entry isotope-item post-2876 attachment type-attachment status-inherit hentry  av-masonry-item-with-image' title=\"w2-collage-berlin copie\" alt=\"\"    itemprop=\"thumbnailUrl\" ><div class='av-inner-masonry-sizer'><\/div><figure class='av-inner-masonry main_color'><div class=\"av-masonry-outerimage-container\"><div class='av-masonry-image-container'  ><img decoding=\"async\" width=\"543\" height=\"705\" fetchpriority=\"high\" class=\"wp-image-2876 avia-img-lazy-loading-not-2876\"  src=\"https:\/\/dessa-art.com\/wp-content\/uploads\/2022\/11\/w2-collage-berlin-copie-543x705.webp\" title=\"w2-collage-berlin copie\" alt=\"\" srcset=\"https:\/\/dessa-art.com\/wp-content\/uploads\/2022\/11\/w2-collage-berlin-copie-543x705.webp 543w, https:\/\/dessa-art.com\/wp-content\/uploads\/2022\/11\/w2-collage-berlin-copie-231x300.webp 231w, https:\/\/dessa-art.com\/wp-content\/uploads\/2022\/11\/w2-collage-berlin-copie-794x1030.webp 794w, https:\/\/dessa-art.com\/wp-content\/uploads\/2022\/11\/w2-collage-berlin-copie-768x997.webp 768w, https:\/\/dessa-art.com\/wp-content\/uploads\/2022\/11\/w2-collage-berlin-copie-1183x1536.webp 1183w, https:\/\/dessa-art.com\/wp-content\/uploads\/2022\/11\/w2-collage-berlin-copie-1578x2048.webp 1578w, https:\/\/dessa-art.com\/wp-content\/uploads\/2022\/11\/w2-collage-berlin-copie-1156x1500.webp 1156w, https:\/\/dessa-art.com\/wp-content\/uploads\/2022\/11\/w2-collage-berlin-copie-scaled.webp 1972w\" sizes=\"(max-width: 543px) 100vw, 543px\" \/><\/div><\/div><\/figure><\/a><!--end av-masonry entry--><\/div><\/div>\n\n","protected":false},"excerpt":{"rendered":"","protected":false},"author":1,"featured_media":0,"parent":2982,"menu_order":0,"comment_status":"closed","ping_status":"closed","template":"","meta":{"footnotes":""},"class_list":["post-2988","page","type-page","status-publish","hentry"],"_links":{"self":[{"href":"https:\/\/dessa-art.com\/de\/wp-json\/wp\/v2\/pages\/2988","targetHints":{"allow":["GET"]}}],"collection":[{"href":"https:\/\/dessa-art.com\/de\/wp-json\/wp\/v2\/pages"}],"about":[{"href":"https:\/\/dessa-art.com\/de\/wp-json\/wp\/v2\/types\/page"}],"author":[{"embeddable":true,"href":"https:\/\/dessa-art.com\/de\/wp-json\/wp\/v2\/users\/1"}],"replies":[{"embeddable":true,"href":"https:\/\/dessa-art.com\/de\/wp-json\/wp\/v2\/comments?post=2988"}],"version-history":[{"count":4,"href":"https:\/\/dessa-art.com\/de\/wp-json\/wp\/v2\/pages\/2988\/revisions"}],"predecessor-version":[{"id":3071,"href":"https:\/\/dessa-art.com\/de\/wp-json\/wp\/v2\/pages\/2988\/revisions\/3071"}],"up":[{"embeddable":true,"href":"https:\/\/dessa-art.com\/de\/wp-json\/wp\/v2\/pages\/2982"}],"wp:attachment":[{"href":"https:\/\/dessa-art.com\/de\/wp-json\/wp\/v2\/media?parent=2988"}],"curies":[{"name":"wp","href":"https:\/\/api.w.org\/{rel}","templated":true}]}}