{"id":1498,"date":"2020-11-01T13:57:01","date_gmt":"2020-11-01T13:57:01","guid":{"rendered":"https:\/\/dessa-art.com\/oeuvres\/stolzesteine\/"},"modified":"2020-12-17T10:49:27","modified_gmt":"2020-12-17T10:49:27","slug":"stolzesteine","status":"publish","type":"page","link":"https:\/\/dessa-art.com\/fr\/oeuvres\/stolzesteine\/","title":{"rendered":"Stolzesteine"},"content":{"rendered":"[av_submenu which_menu='custom' menu='5' position='center' sticky='aviaTBsticky' color='main_color' mobile='disabled' mobile_switch='av-switch-768' alb_description='' id='' custom_class='' av_uid='av-kcfw6dvb']\r\n[av_submenu_item title='Art abstrait' button_style='' link='page,1470' linktarget='' av_uid='av-9p6jqq']\r\n[av_submenu_item title='Collages' button_style='' link='page,1479' linktarget='' av_uid='av-83jcya']\r\n[av_submenu_item title='Land Escapes' button_style='' link='page,1489' linktarget='' av_uid='av-5v9ww2']\r\n[av_submenu_item title='Portraits' button_style='' link='page,1493' linktarget='' av_uid='av-3t3awy']\r\n[av_submenu_item title='Transoundart' button_style='' link='page,1239' linktarget='' av_uid='av-6sur7h']\r\n[av_submenu_item title='Installations\/D\u00e9cors' button_style='' link='page,1484' linktarget='' av_uid='av-30c2ea']\r\n[av_submenu_item title='Alice Salomon' button_style='' link='page,1207' linktarget='' av_uid='av-ftq7x']\r\n[av_submenu_item title='Stolzesteine' button_style='' link='page,1234' linktarget='' av_uid='av-21cmot']\r\n[\/av_submenu]\r\n\r\n\n\n<style type=\"text\/css\" data-created_by=\"avia_inline_auto\" id=\"style-css-av-b9f04-37e3dbb275a7c3ca2f9db1d25cd5182f\">\n.flex_column.av-b9f04-37e3dbb275a7c3ca2f9db1d25cd5182f{\nborder-radius:0px 0px 0px 0px;\npadding:0px 0px 0px 0px;\n}\n<\/style>\n<div  class='flex_column av-b9f04-37e3dbb275a7c3ca2f9db1d25cd5182f av_one_half  avia-builder-el-1  el_after_av_postcontent  el_before_av_one_half  avia-builder-el-first  first flex_column_div av-zero-column-padding  '     ><p>\n<style type=\"text\/css\" data-created_by=\"avia_inline_auto\" id=\"style-css-av-kgz8xxw9-35b06aa196f7b9bdbd47800c4b74315e\">\n.avia-image-container.av-kgz8xxw9-35b06aa196f7b9bdbd47800c4b74315e img.avia_image{\nbox-shadow:none;\n}\n.avia-image-container.av-kgz8xxw9-35b06aa196f7b9bdbd47800c4b74315e .av-image-caption-overlay-center{\ncolor:#ffffff;\n}\n<\/style>\n<div  class='avia-image-container av-kgz8xxw9-35b06aa196f7b9bdbd47800c4b74315e av-styling- avia-align-center  avia-builder-el-2  el_before_av_image  avia-builder-el-first '   itemprop=\"image\" itemscope=\"itemscope\" itemtype=\"https:\/\/schema.org\/ImageObject\" ><div class=\"avia-image-container-inner\"><div class=\"avia-image-overlay-wrap\"><img decoding=\"async\" fetchpriority=\"high\" class='wp-image-1142 avia-img-lazy-loading-not-1142 avia_image ' src=\"https:\/\/dessa-art.com\/wp-content\/uploads\/2020\/11\/stolzesteine07-1.jpg\" alt='' title=''  height=\"999\" width=\"996\"  itemprop=\"thumbnailUrl\" srcset=\"https:\/\/dessa-art.com\/wp-content\/uploads\/2020\/11\/stolzesteine07-1.jpg 996w, https:\/\/dessa-art.com\/wp-content\/uploads\/2020\/11\/stolzesteine07-1-300x300.jpg 300w, https:\/\/dessa-art.com\/wp-content\/uploads\/2020\/11\/stolzesteine07-1-80x80.jpg 80w, https:\/\/dessa-art.com\/wp-content\/uploads\/2020\/11\/stolzesteine07-1-768x770.jpg 768w, https:\/\/dessa-art.com\/wp-content\/uploads\/2020\/11\/stolzesteine07-1-36x36.jpg 36w, https:\/\/dessa-art.com\/wp-content\/uploads\/2020\/11\/stolzesteine07-1-180x180.jpg 180w, https:\/\/dessa-art.com\/wp-content\/uploads\/2020\/11\/stolzesteine07-1-703x705.jpg 703w\" sizes=\"(max-width: 996px) 100vw, 996px\" \/><\/div><\/div><\/div><br \/>\n\n<style type=\"text\/css\" data-created_by=\"avia_inline_auto\" id=\"style-css-av-kcfy3t9t-e807e4febd4b607d6ecd5dd6f2cab1a2\">\n.avia-image-container.av-kcfy3t9t-e807e4febd4b607d6ecd5dd6f2cab1a2 img.avia_image{\nbox-shadow:none;\n}\n.avia-image-container.av-kcfy3t9t-e807e4febd4b607d6ecd5dd6f2cab1a2 .av-image-caption-overlay-center{\ncolor:#ffffff;\n}\n<\/style>\n<div  class='avia-image-container av-kcfy3t9t-e807e4febd4b607d6ecd5dd6f2cab1a2 av-styling- avia-align-center  avia-builder-el-3  el_after_av_image  avia-builder-el-last '   itemprop=\"image\" itemscope=\"itemscope\" itemtype=\"https:\/\/schema.org\/ImageObject\" ><div class=\"avia-image-container-inner\"><div class=\"avia-image-overlay-wrap\"><img decoding=\"async\" fetchpriority=\"high\" class='wp-image- avia-img-lazy-loading-not- avia_image ' src=\"https:\/\/dessa-art.com\/wp-content\/uploads\/2020\/11\/stolzesteine07.jpg\" alt='' title=''   itemprop=\"thumbnailUrl\"  \/><\/div><\/div><\/div><\/p><\/div>\n\n<style type=\"text\/css\" data-created_by=\"avia_inline_auto\" id=\"style-css-av-b9f04-d60fabb1e546da2f5ef0bc2669033819\">\n.flex_column.av-b9f04-d60fabb1e546da2f5ef0bc2669033819{\nborder-radius:0px 0px 0px 0px;\npadding:0px 0px 0px 0px;\n}\n<\/style>\n<div  class='flex_column av-b9f04-d60fabb1e546da2f5ef0bc2669033819 av_one_half  avia-builder-el-4  el_after_av_one_half  el_before_av_section  avia-builder-el-last  flex_column_div av-zero-column-padding  '     ><p>\n<style type=\"text\/css\" data-created_by=\"avia_inline_auto\" id=\"style-css-av-av_heading-ebe6d4f66e593cb76681e3ea54da7b51\">\n#top .av-special-heading.av-av_heading-ebe6d4f66e593cb76681e3ea54da7b51{\nmargin:0 0 0 0;\npadding-bottom:20px;\n}\nbody .av-special-heading.av-av_heading-ebe6d4f66e593cb76681e3ea54da7b51 .av-special-heading-tag .heading-char{\nfont-size:25px;\n}\n.av-special-heading.av-av_heading-ebe6d4f66e593cb76681e3ea54da7b51 .av-subheading{\nfont-size:15px;\n}\n<\/style>\n<div  class='av-special-heading av-av_heading-ebe6d4f66e593cb76681e3ea54da7b51 av-special-heading-h2 blockquote modern-quote  avia-builder-el-5  el_before_av_textblock  avia-builder-el-first '><h2 class='av-special-heading-tag '  itemprop=\"headline\"  >Stolzesteine (Pierres de fiert\u00e9)<\/h2><div class=\"special-heading-border\"><div class=\"special-heading-inner-border\"><\/div><\/div><\/div><br \/>\n<section  class='av_textblock_section av-kcfvzkiu-709c050fd913ad58ebaf07454571f36b '   itemscope=\"itemscope\" itemtype=\"https:\/\/schema.org\/CreativeWork\" ><div class='avia_textblock'  itemprop=\"text\" ><p class=\"p2\">Comment l&rsquo;art peut-il servir une m\u00e9moire collective juive ?<\/p>\n<p class=\"p2\">C&rsquo;est l&rsquo;un des principaux th\u00e8mes du travail de la DESSA. Ses \u00ab\u00a0pierres de fiert\u00e9\u00a0\u00bb sont de petites pierres verticales dans ses peintures. Ils honorent la m\u00e9moire d&rsquo;une ou plusieurs personnes et l&rsquo;\u0153uvre de leur vie. DESSA consacre sa pr\u00e9sente s\u00e9rie de peintures \u00e0 l&rsquo;ouverture du grand magasin Nathan Israel \u00e0 Berlin le 10 mars 1815 &#8211; il y a exactement 200 ans. Il s&rsquo;agit d&rsquo;un hommage \u00e0 la philanthropie et \u00e0 l&rsquo;engagement social de l&rsquo;entreprise sur quatre g\u00e9n\u00e9rations.<\/p>\n<p class=\"p2\">L&rsquo;histoire du grand magasin berlinois N. Israel fait partie de son travail artistique depuis qu&rsquo;elle a d\u00e9couvert l&rsquo;album de la soci\u00e9t\u00e9 \u00ab\u00a0Hygi\u00e8ne \u00e0 travers les \u00e2ges\u00a0\u00bb de 1912. Le premier hommage de DESSA \u00e0 N. Israel, de 2003, a \u00e9t\u00e9 pr\u00e9sent\u00e9 \u00e0 la Galerie Bremer \u00e0 Berlin et au Mus\u00e9e juif de Westphalie, et a inspir\u00e9 une exposition sur l&rsquo;hygi\u00e8ne au Mus\u00e9e de Pully en Suisse.<\/p>\n<\/div><\/section><\/p><\/div><\/div><\/div><\/div><!-- close content main div --><\/div><\/div><div id='av_section_1'  class='avia-section av-7smpw-fb1ee3c77c2bd9c18f46bc323528eb66 main_color avia-section-default avia-no-border-styling  avia-builder-el-7  el_after_av_one_half  avia-builder-el-last  avia-bg-style-scroll container_wrap fullsize'  ><div class='container av-section-cont-open' ><div class='template-page content  av-content-full alpha units'><div class='post-entry post-entry-type-page post-entry-1498'><div class='entry-content-wrapper clearfix'>\n\n<style type=\"text\/css\" data-created_by=\"avia_inline_auto\" id=\"style-css-av-kcfyaqxx-33d27961ec858dff5dbd0820bff08718\">\n#top .av-masonry.av-kcfyaqxx-33d27961ec858dff5dbd0820bff08718{\nbackground-color:#f8f8f8;\n}\n<\/style>\n<div id='av-masonry-1' class='av-masonry av-kcfyaqxx-33d27961ec858dff5dbd0820bff08718 noHover av-flex-size av-large-gap av-hover-overlay- av-masonry-animation-active av-masonry-col-4 av-caption-on-hover av-caption-style- av-masonry-gallery ' data-post_id=\"1498\"><div class=\"av-masonry-container isotope av-js-disabled\"><div class='av-masonry-entry isotope-item av-masonry-item-no-image '><\/div><a href=\"https:\/\/dessa-art.com\/wp-content\/uploads\/2020\/11\/stolzesteine00-1.jpg\" data-srcset=\"https:\/\/dessa-art.com\/wp-content\/uploads\/2020\/11\/stolzesteine00-1.jpg 999w, https:\/\/dessa-art.com\/wp-content\/uploads\/2020\/11\/stolzesteine00-1-300x246.jpg 300w, https:\/\/dessa-art.com\/wp-content\/uploads\/2020\/11\/stolzesteine00-1-768x629.jpg 768w, https:\/\/dessa-art.com\/wp-content\/uploads\/2020\/11\/stolzesteine00-1-705x577.jpg 705w\" data-sizes=\"(max-width: 999px) 100vw, 999px\"  aria-label=\"image image sans titre\"  id='av-masonry-1-item-1128' data-av-masonry-item='1128' class='av-masonry-entry isotope-item post-1128 attachment type-attachment status-inherit hentry  av-masonry-item-with-image' title=\"\" alt=\"\"    itemprop=\"thumbnailUrl\" ><div class='av-inner-masonry-sizer'><\/div><figure class='av-inner-masonry main_color'><div class=\"av-masonry-outerimage-container\"><div class='av-masonry-image-container'  ><img decoding=\"async\" width=\"705\" height=\"577\" fetchpriority=\"high\" class=\"wp-image-1128 avia-img-lazy-loading-not-1128\"  src=\"https:\/\/dessa-art.com\/wp-content\/uploads\/2020\/11\/stolzesteine00-1-705x577.jpg\" title=\"\" alt=\"\" srcset=\"https:\/\/dessa-art.com\/wp-content\/uploads\/2020\/11\/stolzesteine00-1-705x577.jpg 705w, https:\/\/dessa-art.com\/wp-content\/uploads\/2020\/11\/stolzesteine00-1-300x246.jpg 300w, https:\/\/dessa-art.com\/wp-content\/uploads\/2020\/11\/stolzesteine00-1-768x629.jpg 768w, https:\/\/dessa-art.com\/wp-content\/uploads\/2020\/11\/stolzesteine00-1.jpg 999w\" sizes=\"(max-width: 705px) 100vw, 705px\" \/><\/div><\/div><\/figure><\/a><!--end av-masonry entry--><a href=\"https:\/\/dessa-art.com\/wp-content\/uploads\/2020\/11\/stolzesteine01-1.jpg\" data-srcset=\"https:\/\/dessa-art.com\/wp-content\/uploads\/2020\/11\/stolzesteine01-1.jpg 988w, https:\/\/dessa-art.com\/wp-content\/uploads\/2020\/11\/stolzesteine01-1-300x298.jpg 300w, https:\/\/dessa-art.com\/wp-content\/uploads\/2020\/11\/stolzesteine01-1-80x80.jpg 80w, https:\/\/dessa-art.com\/wp-content\/uploads\/2020\/11\/stolzesteine01-1-768x763.jpg 768w, https:\/\/dessa-art.com\/wp-content\/uploads\/2020\/11\/stolzesteine01-1-36x36.jpg 36w, https:\/\/dessa-art.com\/wp-content\/uploads\/2020\/11\/stolzesteine01-1-180x180.jpg 180w, https:\/\/dessa-art.com\/wp-content\/uploads\/2020\/11\/stolzesteine01-1-705x701.jpg 705w\" data-sizes=\"(max-width: 988px) 100vw, 988px\"  aria-label=\"image image sans titre\"  id='av-masonry-1-item-1130' data-av-masonry-item='1130' class='av-masonry-entry isotope-item post-1130 attachment type-attachment status-inherit hentry  av-masonry-item-with-image' title=\"\" alt=\"\"    itemprop=\"thumbnailUrl\" ><div class='av-inner-masonry-sizer'><\/div><figure class='av-inner-masonry main_color'><div class=\"av-masonry-outerimage-container\"><div class='av-masonry-image-container'  ><img decoding=\"async\" width=\"705\" height=\"701\" fetchpriority=\"high\" class=\"wp-image-1130 avia-img-lazy-loading-not-1130\"  src=\"https:\/\/dessa-art.com\/wp-content\/uploads\/2020\/11\/stolzesteine01-1-705x701.jpg\" title=\"\" alt=\"\" srcset=\"https:\/\/dessa-art.com\/wp-content\/uploads\/2020\/11\/stolzesteine01-1-705x701.jpg 705w, https:\/\/dessa-art.com\/wp-content\/uploads\/2020\/11\/stolzesteine01-1-300x298.jpg 300w, https:\/\/dessa-art.com\/wp-content\/uploads\/2020\/11\/stolzesteine01-1-80x80.jpg 80w, https:\/\/dessa-art.com\/wp-content\/uploads\/2020\/11\/stolzesteine01-1-768x763.jpg 768w, https:\/\/dessa-art.com\/wp-content\/uploads\/2020\/11\/stolzesteine01-1-36x36.jpg 36w, https:\/\/dessa-art.com\/wp-content\/uploads\/2020\/11\/stolzesteine01-1-180x180.jpg 180w, https:\/\/dessa-art.com\/wp-content\/uploads\/2020\/11\/stolzesteine01-1.jpg 988w\" sizes=\"(max-width: 705px) 100vw, 705px\" \/><\/div><\/div><\/figure><\/a><!--end av-masonry entry--><a href=\"https:\/\/dessa-art.com\/wp-content\/uploads\/2020\/11\/stolzesteine02-1.jpg\" data-srcset=\"https:\/\/dessa-art.com\/wp-content\/uploads\/2020\/11\/stolzesteine02-1.jpg 979w, https:\/\/dessa-art.com\/wp-content\/uploads\/2020\/11\/stolzesteine02-1-300x300.jpg 300w, https:\/\/dessa-art.com\/wp-content\/uploads\/2020\/11\/stolzesteine02-1-80x80.jpg 80w, https:\/\/dessa-art.com\/wp-content\/uploads\/2020\/11\/stolzesteine02-1-768x771.jpg 768w, https:\/\/dessa-art.com\/wp-content\/uploads\/2020\/11\/stolzesteine02-1-36x36.jpg 36w, https:\/\/dessa-art.com\/wp-content\/uploads\/2020\/11\/stolzesteine02-1-180x180.jpg 180w, https:\/\/dessa-art.com\/wp-content\/uploads\/2020\/11\/stolzesteine02-1-702x705.jpg 702w\" data-sizes=\"(max-width: 979px) 100vw, 979px\"  aria-label=\"image image sans titre\"  id='av-masonry-1-item-1132' data-av-masonry-item='1132' class='av-masonry-entry isotope-item post-1132 attachment type-attachment status-inherit hentry  av-masonry-item-with-image' title=\"\" alt=\"\"    itemprop=\"thumbnailUrl\" ><div class='av-inner-masonry-sizer'><\/div><figure class='av-inner-masonry main_color'><div class=\"av-masonry-outerimage-container\"><div class='av-masonry-image-container'  ><img decoding=\"async\" width=\"702\" height=\"705\" fetchpriority=\"high\" class=\"wp-image-1132 avia-img-lazy-loading-not-1132\"  src=\"https:\/\/dessa-art.com\/wp-content\/uploads\/2020\/11\/stolzesteine02-1-702x705.jpg\" title=\"\" alt=\"\" srcset=\"https:\/\/dessa-art.com\/wp-content\/uploads\/2020\/11\/stolzesteine02-1-702x705.jpg 702w, https:\/\/dessa-art.com\/wp-content\/uploads\/2020\/11\/stolzesteine02-1-300x300.jpg 300w, https:\/\/dessa-art.com\/wp-content\/uploads\/2020\/11\/stolzesteine02-1-80x80.jpg 80w, https:\/\/dessa-art.com\/wp-content\/uploads\/2020\/11\/stolzesteine02-1-768x771.jpg 768w, https:\/\/dessa-art.com\/wp-content\/uploads\/2020\/11\/stolzesteine02-1-36x36.jpg 36w, https:\/\/dessa-art.com\/wp-content\/uploads\/2020\/11\/stolzesteine02-1-180x180.jpg 180w, https:\/\/dessa-art.com\/wp-content\/uploads\/2020\/11\/stolzesteine02-1.jpg 979w\" sizes=\"(max-width: 702px) 100vw, 702px\" \/><\/div><\/div><\/figure><\/a><!--end av-masonry entry--><a href=\"https:\/\/dessa-art.com\/wp-content\/uploads\/2020\/11\/stolzesteine03-1.jpg\" data-srcset=\"https:\/\/dessa-art.com\/wp-content\/uploads\/2020\/11\/stolzesteine03-1.jpg 999w, https:\/\/dessa-art.com\/wp-content\/uploads\/2020\/11\/stolzesteine03-1-300x298.jpg 300w, https:\/\/dessa-art.com\/wp-content\/uploads\/2020\/11\/stolzesteine03-1-80x80.jpg 80w, https:\/\/dessa-art.com\/wp-content\/uploads\/2020\/11\/stolzesteine03-1-768x764.jpg 768w, https:\/\/dessa-art.com\/wp-content\/uploads\/2020\/11\/stolzesteine03-1-36x36.jpg 36w, https:\/\/dessa-art.com\/wp-content\/uploads\/2020\/11\/stolzesteine03-1-180x180.jpg 180w, https:\/\/dessa-art.com\/wp-content\/uploads\/2020\/11\/stolzesteine03-1-705x701.jpg 705w\" data-sizes=\"(max-width: 999px) 100vw, 999px\"  aria-label=\"image image sans titre\"  id='av-masonry-1-item-1134' data-av-masonry-item='1134' class='av-masonry-entry isotope-item post-1134 attachment type-attachment status-inherit hentry  av-masonry-item-with-image' title=\"\" alt=\"\"    itemprop=\"thumbnailUrl\" ><div class='av-inner-masonry-sizer'><\/div><figure class='av-inner-masonry main_color'><div class=\"av-masonry-outerimage-container\"><div class='av-masonry-image-container'  ><img decoding=\"async\" width=\"705\" height=\"701\" fetchpriority=\"high\" class=\"wp-image-1134 avia-img-lazy-loading-not-1134\"  src=\"https:\/\/dessa-art.com\/wp-content\/uploads\/2020\/11\/stolzesteine03-1-705x701.jpg\" title=\"\" alt=\"\" srcset=\"https:\/\/dessa-art.com\/wp-content\/uploads\/2020\/11\/stolzesteine03-1-705x701.jpg 705w, https:\/\/dessa-art.com\/wp-content\/uploads\/2020\/11\/stolzesteine03-1-300x298.jpg 300w, https:\/\/dessa-art.com\/wp-content\/uploads\/2020\/11\/stolzesteine03-1-80x80.jpg 80w, https:\/\/dessa-art.com\/wp-content\/uploads\/2020\/11\/stolzesteine03-1-768x764.jpg 768w, https:\/\/dessa-art.com\/wp-content\/uploads\/2020\/11\/stolzesteine03-1-36x36.jpg 36w, https:\/\/dessa-art.com\/wp-content\/uploads\/2020\/11\/stolzesteine03-1-180x180.jpg 180w, https:\/\/dessa-art.com\/wp-content\/uploads\/2020\/11\/stolzesteine03-1.jpg 999w\" sizes=\"(max-width: 705px) 100vw, 705px\" \/><\/div><\/div><\/figure><\/a><!--end av-masonry entry--><a href=\"https:\/\/dessa-art.com\/wp-content\/uploads\/2020\/11\/stolzesteine04-1.jpg\" data-srcset=\"https:\/\/dessa-art.com\/wp-content\/uploads\/2020\/11\/stolzesteine04-1.jpg 999w, https:\/\/dessa-art.com\/wp-content\/uploads\/2020\/11\/stolzesteine04-1-300x233.jpg 300w, https:\/\/dessa-art.com\/wp-content\/uploads\/2020\/11\/stolzesteine04-1-768x596.jpg 768w, https:\/\/dessa-art.com\/wp-content\/uploads\/2020\/11\/stolzesteine04-1-705x547.jpg 705w\" data-sizes=\"(max-width: 999px) 100vw, 999px\"  aria-label=\"image image sans titre\"  id='av-masonry-1-item-1136' data-av-masonry-item='1136' class='av-masonry-entry isotope-item post-1136 attachment type-attachment status-inherit hentry  av-masonry-item-with-image' title=\"\" alt=\"\"    itemprop=\"thumbnailUrl\" ><div class='av-inner-masonry-sizer'><\/div><figure class='av-inner-masonry main_color'><div class=\"av-masonry-outerimage-container\"><div class='av-masonry-image-container'  ><img decoding=\"async\" width=\"705\" height=\"547\" fetchpriority=\"high\" class=\"wp-image-1136 avia-img-lazy-loading-not-1136\"  src=\"https:\/\/dessa-art.com\/wp-content\/uploads\/2020\/11\/stolzesteine04-1-705x547.jpg\" title=\"\" alt=\"\" srcset=\"https:\/\/dessa-art.com\/wp-content\/uploads\/2020\/11\/stolzesteine04-1-705x547.jpg 705w, https:\/\/dessa-art.com\/wp-content\/uploads\/2020\/11\/stolzesteine04-1-300x233.jpg 300w, https:\/\/dessa-art.com\/wp-content\/uploads\/2020\/11\/stolzesteine04-1-768x596.jpg 768w, https:\/\/dessa-art.com\/wp-content\/uploads\/2020\/11\/stolzesteine04-1.jpg 999w\" sizes=\"(max-width: 705px) 100vw, 705px\" \/><\/div><\/div><\/figure><\/a><!--end av-masonry entry--><a href=\"https:\/\/dessa-art.com\/wp-content\/uploads\/2020\/11\/stolzesteine05-1.jpg\" data-srcset=\"https:\/\/dessa-art.com\/wp-content\/uploads\/2020\/11\/stolzesteine05-1.jpg 753w, https:\/\/dessa-art.com\/wp-content\/uploads\/2020\/11\/stolzesteine05-1-230x300.jpg 230w, https:\/\/dessa-art.com\/wp-content\/uploads\/2020\/11\/stolzesteine05-1-541x705.jpg 541w\" data-sizes=\"(max-width: 753px) 100vw, 753px\"  aria-label=\"image image sans titre\"  id='av-masonry-1-item-1138' data-av-masonry-item='1138' class='av-masonry-entry isotope-item post-1138 attachment type-attachment status-inherit hentry  av-masonry-item-with-image' title=\"\" alt=\"\"    itemprop=\"thumbnailUrl\" ><div class='av-inner-masonry-sizer'><\/div><figure class='av-inner-masonry main_color'><div class=\"av-masonry-outerimage-container\"><div class='av-masonry-image-container'  ><img decoding=\"async\" width=\"541\" height=\"705\" fetchpriority=\"high\" class=\"wp-image-1138 avia-img-lazy-loading-not-1138\"  src=\"https:\/\/dessa-art.com\/wp-content\/uploads\/2020\/11\/stolzesteine05-1-541x705.jpg\" title=\"\" alt=\"\" srcset=\"https:\/\/dessa-art.com\/wp-content\/uploads\/2020\/11\/stolzesteine05-1-541x705.jpg 541w, https:\/\/dessa-art.com\/wp-content\/uploads\/2020\/11\/stolzesteine05-1-230x300.jpg 230w, https:\/\/dessa-art.com\/wp-content\/uploads\/2020\/11\/stolzesteine05-1.jpg 753w\" sizes=\"(max-width: 541px) 100vw, 541px\" \/><\/div><\/div><\/figure><\/a><!--end av-masonry entry--><a href=\"https:\/\/dessa-art.com\/wp-content\/uploads\/2020\/11\/stolzesteine06-1.jpg\" data-srcset=\"https:\/\/dessa-art.com\/wp-content\/uploads\/2020\/11\/stolzesteine06-1.jpg 995w, https:\/\/dessa-art.com\/wp-content\/uploads\/2020\/11\/stolzesteine06-1-300x206.jpg 300w, https:\/\/dessa-art.com\/wp-content\/uploads\/2020\/11\/stolzesteine06-1-768x528.jpg 768w, https:\/\/dessa-art.com\/wp-content\/uploads\/2020\/11\/stolzesteine06-1-705x485.jpg 705w\" data-sizes=\"(max-width: 995px) 100vw, 995px\"  aria-label=\"image image sans titre\"  id='av-masonry-1-item-1140' data-av-masonry-item='1140' class='av-masonry-entry isotope-item post-1140 attachment type-attachment status-inherit hentry  av-masonry-item-with-image' title=\"\" alt=\"\"    itemprop=\"thumbnailUrl\" ><div class='av-inner-masonry-sizer'><\/div><figure class='av-inner-masonry main_color'><div class=\"av-masonry-outerimage-container\"><div class='av-masonry-image-container'  ><img decoding=\"async\" width=\"705\" height=\"485\" fetchpriority=\"high\" class=\"wp-image-1140 avia-img-lazy-loading-not-1140\"  src=\"https:\/\/dessa-art.com\/wp-content\/uploads\/2020\/11\/stolzesteine06-1-705x485.jpg\" title=\"\" alt=\"\" srcset=\"https:\/\/dessa-art.com\/wp-content\/uploads\/2020\/11\/stolzesteine06-1-705x485.jpg 705w, https:\/\/dessa-art.com\/wp-content\/uploads\/2020\/11\/stolzesteine06-1-300x206.jpg 300w, https:\/\/dessa-art.com\/wp-content\/uploads\/2020\/11\/stolzesteine06-1-768x528.jpg 768w, https:\/\/dessa-art.com\/wp-content\/uploads\/2020\/11\/stolzesteine06-1.jpg 995w\" sizes=\"(max-width: 705px) 100vw, 705px\" \/><\/div><\/div><\/figure><\/a><!--end av-masonry entry--><a href=\"https:\/\/dessa-art.com\/wp-content\/uploads\/2020\/11\/stolzesteine07-1.jpg\" data-srcset=\"https:\/\/dessa-art.com\/wp-content\/uploads\/2020\/11\/stolzesteine07-1.jpg 996w, https:\/\/dessa-art.com\/wp-content\/uploads\/2020\/11\/stolzesteine07-1-300x300.jpg 300w, https:\/\/dessa-art.com\/wp-content\/uploads\/2020\/11\/stolzesteine07-1-80x80.jpg 80w, https:\/\/dessa-art.com\/wp-content\/uploads\/2020\/11\/stolzesteine07-1-768x770.jpg 768w, https:\/\/dessa-art.com\/wp-content\/uploads\/2020\/11\/stolzesteine07-1-36x36.jpg 36w, https:\/\/dessa-art.com\/wp-content\/uploads\/2020\/11\/stolzesteine07-1-180x180.jpg 180w, https:\/\/dessa-art.com\/wp-content\/uploads\/2020\/11\/stolzesteine07-1-703x705.jpg 703w\" data-sizes=\"(max-width: 996px) 100vw, 996px\"  aria-label=\"image image sans titre\"  id='av-masonry-1-item-1142' data-av-masonry-item='1142' class='av-masonry-entry isotope-item post-1142 attachment type-attachment status-inherit hentry  av-masonry-item-with-image' title=\"\" alt=\"\"    itemprop=\"thumbnailUrl\" ><div class='av-inner-masonry-sizer'><\/div><figure class='av-inner-masonry main_color'><div class=\"av-masonry-outerimage-container\"><div class='av-masonry-image-container'  ><img decoding=\"async\" width=\"703\" height=\"705\" fetchpriority=\"high\" class=\"wp-image-1142 avia-img-lazy-loading-not-1142\"  src=\"https:\/\/dessa-art.com\/wp-content\/uploads\/2020\/11\/stolzesteine07-1-703x705.jpg\" title=\"\" alt=\"\" srcset=\"https:\/\/dessa-art.com\/wp-content\/uploads\/2020\/11\/stolzesteine07-1-703x705.jpg 703w, https:\/\/dessa-art.com\/wp-content\/uploads\/2020\/11\/stolzesteine07-1-300x300.jpg 300w, https:\/\/dessa-art.com\/wp-content\/uploads\/2020\/11\/stolzesteine07-1-80x80.jpg 80w, https:\/\/dessa-art.com\/wp-content\/uploads\/2020\/11\/stolzesteine07-1-768x770.jpg 768w, https:\/\/dessa-art.com\/wp-content\/uploads\/2020\/11\/stolzesteine07-1-36x36.jpg 36w, https:\/\/dessa-art.com\/wp-content\/uploads\/2020\/11\/stolzesteine07-1-180x180.jpg 180w, https:\/\/dessa-art.com\/wp-content\/uploads\/2020\/11\/stolzesteine07-1.jpg 996w\" sizes=\"(max-width: 703px) 100vw, 703px\" \/><\/div><\/div><\/figure><\/a><!--end av-masonry entry--><\/div><\/div>\n<\/p>\n","protected":false},"excerpt":{"rendered":"","protected":false},"author":1,"featured_media":0,"parent":1463,"menu_order":0,"comment_status":"closed","ping_status":"closed","template":"","meta":{"footnotes":""},"class_list":["post-1498","page","type-page","status-publish","hentry"],"_links":{"self":[{"href":"https:\/\/dessa-art.com\/fr\/wp-json\/wp\/v2\/pages\/1498","targetHints":{"allow":["GET"]}}],"collection":[{"href":"https:\/\/dessa-art.com\/fr\/wp-json\/wp\/v2\/pages"}],"about":[{"href":"https:\/\/dessa-art.com\/fr\/wp-json\/wp\/v2\/types\/page"}],"author":[{"embeddable":true,"href":"https:\/\/dessa-art.com\/fr\/wp-json\/wp\/v2\/users\/1"}],"replies":[{"embeddable":true,"href":"https:\/\/dessa-art.com\/fr\/wp-json\/wp\/v2\/comments?post=1498"}],"version-history":[{"count":4,"href":"https:\/\/dessa-art.com\/fr\/wp-json\/wp\/v2\/pages\/1498\/revisions"}],"predecessor-version":[{"id":1588,"href":"https:\/\/dessa-art.com\/fr\/wp-json\/wp\/v2\/pages\/1498\/revisions\/1588"}],"up":[{"embeddable":true,"href":"https:\/\/dessa-art.com\/fr\/wp-json\/wp\/v2\/pages\/1463"}],"wp:attachment":[{"href":"https:\/\/dessa-art.com\/fr\/wp-json\/wp\/v2\/media?parent=1498"}],"curies":[{"name":"wp","href":"https:\/\/api.w.org\/{rel}","templated":true}]}}